{"id":22038,"date":"2026-04-14T16:41:48","date_gmt":"2026-04-14T16:41:48","guid":{"rendered":"https:\/\/products.greywolfah.com\/?page_id=22038"},"modified":"2026-04-23T18:10:50","modified_gmt":"2026-04-23T18:10:50","slug":"bonqat","status":"publish","type":"page","link":"https:\/\/products.greywolfah.com\/fr\/bonqat\/","title":{"rendered":"Bonqat"},"content":{"rendered":"\t\t<div data-elementor-type=\"wp-post\" data-elementor-id=\"22038\" class=\"elementor elementor-22038 elementor-22037\" data-elementor-post-type=\"page\">\n\t\t\t\t\t\t<section class=\"elementor-section elementor-top-section elementor-element elementor-element-29c553e elementor-section-items-top elementor-section-full_width elementor-section-height-min-height elementor-section-height-default\" data-id=\"29c553e\" data-element_type=\"section\" data-e-type=\"section\" data-settings=\"{&quot;background_background&quot;:&quot;classic&quot;}\">\n\t\t\t\t\t\t<div class=\"elementor-container elementor-column-gap-default\">\n\t\t\t\t\t<div class=\"elementor-column elementor-col-100 elementor-top-column elementor-element elementor-element-8a21838\" data-id=\"8a21838\" data-element_type=\"column\" data-e-type=\"column\">\n\t\t\t<div class=\"elementor-widget-wrap\">\n\t\t\t\t\t\t\t<\/div>\n\t\t<\/div>\n\t\t\t\t\t<\/div>\n\t\t<\/section>\n\t\t\t\t<section class=\"elementor-section elementor-top-section elementor-element elementor-element-a9d954c elementor-section-full_width elementor-section-height-default elementor-section-height-default\" data-id=\"a9d954c\" data-element_type=\"section\" data-e-type=\"section\" data-settings=\"{&quot;shape_divider_top&quot;:&quot;split&quot;}\">\n\t\t\t\t\t<div class=\"elementor-shape elementor-shape-top\" aria-hidden=\"true\" data-negative=\"false\">\n\t\t\t<svg xmlns=\"http:\/\/www.w3.org\/2000\/svg\" viewBox=\"0 0 1000 20\" preserveAspectRatio=\"none\">\n\t<path class=\"elementor-shape-fill\" d=\"M0,0v3c0,0,393.8,0,483.4,0c9.2,0,16.6,7.4,16.6,16.6c0-9.1,7.4-16.6,16.6-16.6C606.2,3,1000,3,1000,3V0H0z\"\/>\n<\/svg>\t\t<\/div>\n\t\t\t\t\t<div class=\"elementor-container elementor-column-gap-default\">\n\t\t\t\t\t<div class=\"elementor-column elementor-col-50 elementor-top-column elementor-element elementor-element-1bc27c5\" data-id=\"1bc27c5\" data-element_type=\"column\" data-e-type=\"column\" data-settings=\"{&quot;background_background&quot;:&quot;classic&quot;}\">\n\t\t\t<div class=\"elementor-widget-wrap elementor-element-populated\">\n\t\t\t\t\t\t<div class=\"elementor-element elementor-element-77e8d24 elementor-widget elementor-widget-text-editor\" data-id=\"77e8d24\" data-element_type=\"widget\" data-e-type=\"widget\" data-widget_type=\"text-editor.default\">\n\t\t\t\t<div class=\"elementor-widget-container\">\n\t\t\t\t\t\t\t\t\t<p>Professionnels de la sant\u00e9 veuillez vous reporter au feuillet de la fiche produit pour les d\u00e9tails complets, incluant les pr\u00e9cautions et les mises en garde.<\/p>\t\t\t\t\t\t\t\t<\/div>\n\t\t\t\t<\/div>\n\t\t\t\t<div class=\"elementor-element elementor-element-2837964 elementor-widget elementor-widget-button\" data-id=\"2837964\" data-element_type=\"widget\" data-e-type=\"widget\" data-widget_type=\"button.default\">\n\t\t\t\t<div class=\"elementor-widget-container\">\n\t\t\t\t\t\t\t\t\t<div class=\"elementor-button-wrapper\">\n\t\t\t\t\t<a class=\"elementor-button elementor-button-link elementor-size-sm\" href=\"https:\/\/drive.google.com\/file\/d\/12Nnk_lIBdcIXdHBOOCwAWCUzgC-zYXai\/view?usp=share_link\">\n\t\t\t\t\t\t<span class=\"elementor-button-content-wrapper\">\n\t\t\t\t\t\t\t\t\t<span class=\"elementor-button-text\">T\u00e9l\u00e9charger la fiche produit<\/span>\n\t\t\t\t\t<\/span>\n\t\t\t\t\t<\/a>\n\t\t\t\t<\/div>\n\t\t\t\t\t\t\t\t<\/div>\n\t\t\t\t<\/div>\n\t\t\t\t<div class=\"elementor-element elementor-element-f006587 elementor-widget elementor-widget-text-editor\" data-id=\"f006587\" data-element_type=\"widget\" data-e-type=\"widget\" data-widget_type=\"text-editor.default\">\n\t\t\t\t<div class=\"elementor-widget-container\">\n\t\t\t\t\t\t\t\t\t<p><img decoding=\"async\" class=\"alignnone size-medium wp-image-22089\" src=\"https:\/\/products.greywolfah.com\/wp-content\/uploads\/2026\/03\/paper-airplane_purple-1-300x105.png\" alt=\"\" width=\"300\" height=\"105\" srcset=\"https:\/\/products.greywolfah.com\/wp-content\/uploads\/2026\/03\/paper-airplane_purple-1-300x105.png 300w, https:\/\/products.greywolfah.com\/wp-content\/uploads\/2026\/03\/paper-airplane_purple-1-768x269.png 768w, https:\/\/products.greywolfah.com\/wp-content\/uploads\/2026\/03\/paper-airplane_purple-1.png 1000w\" sizes=\"(max-width: 300px) 100vw, 300px\" \/><\/p>\t\t\t\t\t\t\t\t<\/div>\n\t\t\t\t<\/div>\n\t\t\t\t<div class=\"elementor-element elementor-element-f006096 elementor-widget elementor-widget-text-editor\" data-id=\"f006096\" data-element_type=\"widget\" data-e-type=\"widget\" data-widget_type=\"text-editor.default\">\n\t\t\t\t<div class=\"elementor-widget-container\">\n\t\t\t\t\t\t\t\t\t<p><strong>Soyez les premiers inform\u00e9s de son arriv\u00e9e. <br \/>Inscrivez-vous pour recevoir des nouvelles par courriel.<\/strong><\/p>\t\t\t\t\t\t\t\t<\/div>\n\t\t\t\t<\/div>\n\t\t\t\t<div class=\"elementor-element elementor-element-6c7640e elementor-widget elementor-widget-html\" data-id=\"6c7640e\" data-element_type=\"widget\" data-e-type=\"widget\" data-widget_type=\"html.default\">\n\t\t\t\t<div class=\"elementor-widget-container\">\n\t\t\t\t\t<!-- SharpSpring Form for FRENCH_Ongoing_Communication_Vet_Sign_Up  -->\n<script type=\"text\/javascript\">\n    var ss_form = {'account': 'MzawMLEwNjYwBgA', 'formID': 'szRMNjJLTbLUTTOwNNA1SbG00E0yMUrWNU5OMgVKmBobWpgBAA'};\n    ss_form.width = '100%';\n    ss_form.domain = 'app-3QNN9YKTZE.marketingautomation.services';\n    \/\/ ss_form.hidden = {'field_id': 'value'}; \/\/ Modify this for sending hidden variables, or overriding values\n    \/\/ ss_form.target_id = 'target'; \/\/ Optional parameter: forms will be placed inside the element with the specified id\n    \/\/ ss_form.polling = true; \/\/ Optional parameter: set to true ONLY if your page loads dynamically and the id needs to be polled continually.\n<\/script>\n<script type=\"text\/javascript\" src=\"https:\/\/koi-3QNN9YKTZE.marketingautomation.services\/client\/form.js?ver=2.0.1\"><\/script>\n                    \t\t\t\t<\/div>\n\t\t\t\t<\/div>\n\t\t\t\t<div class=\"elementor-element elementor-element-f4e09ed elementor-widget elementor-widget-text-editor\" data-id=\"f4e09ed\" data-element_type=\"widget\" data-e-type=\"widget\" data-widget_type=\"text-editor.default\">\n\t\t\t\t<div class=\"elementor-widget-container\">\n\t\t\t\t\t\t\t\t\t<p><span style=\"font-size: 1.2rem;\">Bonqat<strong class=\"Yjhzub\" data-sfc-root=\"c\" data-sfc-cb=\"\"><sup>\u00ae<\/sup><\/strong>\u00a0est un m\u00e9dicament d\u2019ordonnance disponible aupr\u00e8s de votre v\u00e9t\u00e9rinaire. Pour trouver ce dont votre animal de compagnie a besoin, demandez \u00e0 votre v\u00e9t\u00e9rinaire. Des informations produits et techniques d\u00e9taill\u00e9es pour les v\u00e9t\u00e9rinaires sont disponibles aupr\u00e8s d\u2019un responsable des g\u00e9rants de territoire de Grey Wolf Animal Health.<\/span><\/p>\t\t\t\t\t\t\t\t<\/div>\n\t\t\t\t<\/div>\n\t\t\t\t\t<\/div>\n\t\t<\/div>\n\t\t\t\t<div class=\"elementor-column elementor-col-50 elementor-top-column elementor-element elementor-element-e8d7b73\" data-id=\"e8d7b73\" data-element_type=\"column\" data-e-type=\"column\" data-settings=\"{&quot;background_background&quot;:&quot;classic&quot;}\">\n\t\t\t<div class=\"elementor-widget-wrap elementor-element-populated\">\n\t\t\t\t\t\t<div class=\"elementor-element elementor-element-fbd9fe1 elementor-widget elementor-widget-image\" data-id=\"fbd9fe1\" data-element_type=\"widget\" data-e-type=\"widget\" data-widget_type=\"image.default\">\n\t\t\t\t<div class=\"elementor-widget-container\">\n\t\t\t\t\t\t\t\t\t\t\t\t\t\t\t<img fetchpriority=\"high\" decoding=\"async\" width=\"1024\" height=\"946\" src=\"https:\/\/products.greywolfah.com\/wp-content\/uploads\/2026\/04\/Orion_Bonqat_lowAngle_ENG_GWAH-Render_300-DPI-CMYK_edited-scaled-1-1024x946.png\" class=\"attachment-large size-large wp-image-22125\" alt=\"\" srcset=\"https:\/\/products.greywolfah.com\/wp-content\/uploads\/2026\/04\/Orion_Bonqat_lowAngle_ENG_GWAH-Render_300-DPI-CMYK_edited-scaled-1-1024x946.png 1024w, https:\/\/products.greywolfah.com\/wp-content\/uploads\/2026\/04\/Orion_Bonqat_lowAngle_ENG_GWAH-Render_300-DPI-CMYK_edited-scaled-1-300x277.png 300w, https:\/\/products.greywolfah.com\/wp-content\/uploads\/2026\/04\/Orion_Bonqat_lowAngle_ENG_GWAH-Render_300-DPI-CMYK_edited-scaled-1-768x709.png 768w, https:\/\/products.greywolfah.com\/wp-content\/uploads\/2026\/04\/Orion_Bonqat_lowAngle_ENG_GWAH-Render_300-DPI-CMYK_edited-scaled-1-1536x1418.png 1536w, https:\/\/products.greywolfah.com\/wp-content\/uploads\/2026\/04\/Orion_Bonqat_lowAngle_ENG_GWAH-Render_300-DPI-CMYK_edited-scaled-1-2048x1891.png 2048w\" sizes=\"(max-width: 1024px) 100vw, 1024px\" \/>\t\t\t\t\t\t\t\t\t\t\t\t\t\t\t<\/div>\n\t\t\t\t<\/div>\n\t\t\t\t\t<\/div>\n\t\t<\/div>\n\t\t\t\t\t<\/div>\n\t\t<\/section>\n\t\t<div class=\"elementor-element elementor-element-4574561 e-flex e-con-boxed e-con e-parent\" data-id=\"4574561\" data-element_type=\"container\" data-e-type=\"container\">\n\t\t\t\t\t<div class=\"e-con-inner\">\n\t\t<div class=\"elementor-element elementor-element-aeabd4d e-con-full e-flex e-con e-child\" data-id=\"aeabd4d\" data-element_type=\"container\" data-e-type=\"container\">\n\t\t<div class=\"elementor-element elementor-element-cf97bc1 e-con-full e-flex e-con e-child\" data-id=\"cf97bc1\" data-element_type=\"container\" data-e-type=\"container\">\n\t\t\t\t<div class=\"elementor-element elementor-element-981d57f elementor-widget elementor-widget-text-editor\" data-id=\"981d57f\" data-element_type=\"widget\" data-e-type=\"widget\" data-widget_type=\"text-editor.default\">\n\t\t\t\t<div class=\"elementor-widget-container\">\n\t\t\t\t\t\t\t\t\t<p><span style=\"font-size: 1.3rem;\">\u00a9 Grey Wolf Animal Health Inc., 2026. Bonqat<sup>\u00ae<\/sup> est une marque d\u00e9pos\u00e9e d\u2019Orion Pharma Animal Health.<\/span><\/p>\t\t\t\t\t\t\t\t<\/div>\n\t\t\t\t<\/div>\n\t\t\t\t<\/div>\n\t\t\t\t<\/div>\n\t\t\t\t\t<\/div>\n\t\t\t\t<\/div>\n\t\t\t\t<section class=\"elementor-section elementor-top-section elementor-element elementor-element-04c93bc elementor-section-boxed elementor-section-height-default elementor-section-height-default\" data-id=\"04c93bc\" data-element_type=\"section\" data-e-type=\"section\">\n\t\t\t\t\t\t<div class=\"elementor-container elementor-column-gap-default\">\n\t\t\t\t\t<div class=\"elementor-column elementor-col-100 elementor-top-column elementor-element elementor-element-8327f94\" data-id=\"8327f94\" data-element_type=\"column\" data-e-type=\"column\">\n\t\t\t<div class=\"elementor-widget-wrap elementor-element-populated\">\n\t\t\t\t\t\t<div class=\"elementor-element elementor-element-9a5b0e8 elementor-align-center elementor-widget elementor-widget-button\" data-id=\"9a5b0e8\" data-element_type=\"widget\" data-e-type=\"widget\" data-widget_type=\"button.default\">\n\t\t\t\t<div class=\"elementor-widget-container\">\n\t\t\t\t\t\t\t\t\t<div class=\"elementor-button-wrapper\">\n\t\t\t\t\t<a class=\"elementor-button elementor-button-link elementor-size-md\" href=\"https:\/\/products.greywolfah.com\/fr\/request-a-call\/?product=Hepaticlear\">\n\t\t\t\t\t\t<span class=\"elementor-button-content-wrapper\">\n\t\t\t\t\t\t\t\t\t<span class=\"elementor-button-text\">POUR NOUS JOINDRE<\/span>\n\t\t\t\t\t<\/span>\n\t\t\t\t\t<\/a>\n\t\t\t\t<\/div>\n\t\t\t\t\t\t\t\t<\/div>\n\t\t\t\t<\/div>\n\t\t\t\t\t<\/div>\n\t\t<\/div>\n\t\t\t\t\t<\/div>\n\t\t<\/section>\n\t\t\t\t<\/div>\n\t\t","protected":false},"excerpt":{"rendered":"<p>Professionnels de la sant\u00e9 veuillez vous reporter au feuillet de la fiche produit pour les d\u00e9tails complets, incluant les pr\u00e9cautions et les mises en garde. T\u00e9l\u00e9charger la fiche produit Soyez les premiers inform\u00e9s de son arriv\u00e9e. Inscrivez-vous pour recevoir des nouvelles par courriel. Bonqat\u00ae\u00a0est un m\u00e9dicament d\u2019ordonnance disponible aupr\u00e8s de votre v\u00e9t\u00e9rinaire. Pour trouver ce [&hellip;]<\/p>\n","protected":false},"author":14,"featured_media":0,"parent":0,"menu_order":4,"comment_status":"closed","ping_status":"closed","template":"","meta":{"footnotes":""},"class_list":["post-22038","page","type-page","status-publish","hentry","entry"],"yoast_head":"<!-- This site is optimized with the Yoast SEO plugin v27.5 - https:\/\/yoast.com\/product\/yoast-seo-wordpress\/ -->\n<title>Bonqat - Solution orale de pr\u00e9gabaline pour chats<\/title>\n<meta name=\"description\" content=\"Bonqat - Solution orale de pr\u00e9gabaline pour chats\" \/>\n<meta name=\"robots\" content=\"index, follow, max-snippet:-1, max-image-preview:large, max-video-preview:-1\" \/>\n<link rel=\"canonical\" href=\"https:\/\/products.greywolfah.com\/fr\/bonqat\/\" \/>\n<meta property=\"og:locale\" content=\"fr_FR\" \/>\n<meta property=\"og:type\" content=\"article\" \/>\n<meta property=\"og:title\" content=\"Bonqat - Solution orale de pr\u00e9gabaline pour chats\" \/>\n<meta property=\"og:description\" content=\"Bonqat - Solution orale de pr\u00e9gabaline pour chats\" \/>\n<meta property=\"og:url\" content=\"https:\/\/products.greywolfah.com\/fr\/bonqat\/\" \/>\n<meta property=\"og:site_name\" content=\"Grey Wolf for Veterinary Professionals\" \/>\n<meta property=\"article:modified_time\" content=\"2026-04-23T18:10:50+00:00\" \/>\n<meta property=\"og:image\" content=\"https:\/\/products.greywolfah.com\/wp-content\/uploads\/2026\/03\/paper-airplane_purple-1.png\" \/>\n\t<meta property=\"og:image:width\" content=\"1000\" \/>\n\t<meta property=\"og:image:height\" content=\"350\" \/>\n\t<meta property=\"og:image:type\" content=\"image\/png\" \/>\n<meta name=\"twitter:card\" content=\"summary_large_image\" \/>\n<meta name=\"twitter:label1\" content=\"Dur\u00e9e de lecture estim\u00e9e\" \/>\n\t<meta name=\"twitter:data1\" content=\"1 minute\" \/>\n<script type=\"application\/ld+json\" class=\"yoast-schema-graph\">{\"@context\":\"https:\\\/\\\/schema.org\",\"@graph\":[{\"@type\":\"WebPage\",\"@id\":\"https:\\\/\\\/products.greywolfah.com\\\/fr\\\/bonqat\\\/\",\"url\":\"https:\\\/\\\/products.greywolfah.com\\\/fr\\\/bonqat\\\/\",\"name\":\"Bonqat - Solution orale de pr\u00e9gabaline pour chats\",\"isPartOf\":{\"@id\":\"https:\\\/\\\/products.greywolfah.com\\\/fr\\\/#website\"},\"primaryImageOfPage\":{\"@id\":\"https:\\\/\\\/products.greywolfah.com\\\/fr\\\/bonqat\\\/#primaryimage\"},\"image\":{\"@id\":\"https:\\\/\\\/products.greywolfah.com\\\/fr\\\/bonqat\\\/#primaryimage\"},\"thumbnailUrl\":\"https:\\\/\\\/products.greywolfah.com\\\/wp-content\\\/uploads\\\/2026\\\/03\\\/paper-airplane_purple-1-300x105.png\",\"datePublished\":\"2026-04-14T16:41:48+00:00\",\"dateModified\":\"2026-04-23T18:10:50+00:00\",\"description\":\"Bonqat - Solution orale de pr\u00e9gabaline pour chats\",\"breadcrumb\":{\"@id\":\"https:\\\/\\\/products.greywolfah.com\\\/fr\\\/bonqat\\\/#breadcrumb\"},\"inLanguage\":\"fr-FR\",\"potentialAction\":[{\"@type\":\"ReadAction\",\"target\":[\"https:\\\/\\\/products.greywolfah.com\\\/fr\\\/bonqat\\\/\"]}]},{\"@type\":\"ImageObject\",\"inLanguage\":\"fr-FR\",\"@id\":\"https:\\\/\\\/products.greywolfah.com\\\/fr\\\/bonqat\\\/#primaryimage\",\"url\":\"https:\\\/\\\/products.greywolfah.com\\\/wp-content\\\/uploads\\\/2026\\\/03\\\/paper-airplane_purple-1-300x105.png\",\"contentUrl\":\"https:\\\/\\\/products.greywolfah.com\\\/wp-content\\\/uploads\\\/2026\\\/03\\\/paper-airplane_purple-1-300x105.png\"},{\"@type\":\"BreadcrumbList\",\"@id\":\"https:\\\/\\\/products.greywolfah.com\\\/fr\\\/bonqat\\\/#breadcrumb\",\"itemListElement\":[{\"@type\":\"ListItem\",\"position\":1,\"name\":\"Accueil\",\"item\":\"https:\\\/\\\/products.greywolfah.com\\\/fr\\\/\"},{\"@type\":\"ListItem\",\"position\":2,\"name\":\"Bonqat\"}]},{\"@type\":\"WebSite\",\"@id\":\"https:\\\/\\\/products.greywolfah.com\\\/fr\\\/#website\",\"url\":\"https:\\\/\\\/products.greywolfah.com\\\/fr\\\/\",\"name\":\"Grey Wolf for Veterinary Professionals\",\"description\":\"Be ready with our portfolio of solutions\",\"publisher\":{\"@id\":\"https:\\\/\\\/products.greywolfah.com\\\/fr\\\/#organization\"},\"potentialAction\":[{\"@type\":\"SearchAction\",\"target\":{\"@type\":\"EntryPoint\",\"urlTemplate\":\"https:\\\/\\\/products.greywolfah.com\\\/fr\\\/?s={search_term_string}\"},\"query-input\":{\"@type\":\"PropertyValueSpecification\",\"valueRequired\":true,\"valueName\":\"search_term_string\"}}],\"inLanguage\":\"fr-FR\"},{\"@type\":\"Organization\",\"@id\":\"https:\\\/\\\/products.greywolfah.com\\\/fr\\\/#organization\",\"name\":\"Grey Wolf\",\"url\":\"https:\\\/\\\/products.greywolfah.com\\\/fr\\\/\",\"logo\":{\"@type\":\"ImageObject\",\"inLanguage\":\"fr-FR\",\"@id\":\"https:\\\/\\\/products.greywolfah.com\\\/fr\\\/#\\\/schema\\\/logo\\\/image\\\/\",\"url\":\"https:\\\/\\\/products.greywolfah.com\\\/wp-content\\\/uploads\\\/2020\\\/12\\\/greywolf-logo.png\",\"contentUrl\":\"https:\\\/\\\/products.greywolfah.com\\\/wp-content\\\/uploads\\\/2020\\\/12\\\/greywolf-logo.png\",\"width\":240,\"height\":57,\"caption\":\"Grey Wolf\"},\"image\":{\"@id\":\"https:\\\/\\\/products.greywolfah.com\\\/fr\\\/#\\\/schema\\\/logo\\\/image\\\/\"}}]}<\/script>\n<!-- \/ Yoast SEO plugin. -->","yoast_head_json":{"title":"Bonqat - Solution orale de pr\u00e9gabaline pour chats","description":"Bonqat - Solution orale de pr\u00e9gabaline pour chats","robots":{"index":"index","follow":"follow","max-snippet":"max-snippet:-1","max-image-preview":"max-image-preview:large","max-video-preview":"max-video-preview:-1"},"canonical":"https:\/\/products.greywolfah.com\/fr\/bonqat\/","og_locale":"fr_FR","og_type":"article","og_title":"Bonqat - Solution orale de pr\u00e9gabaline pour chats","og_description":"Bonqat - Solution orale de pr\u00e9gabaline pour chats","og_url":"https:\/\/products.greywolfah.com\/fr\/bonqat\/","og_site_name":"Grey Wolf for Veterinary Professionals","article_modified_time":"2026-04-23T18:10:50+00:00","og_image":[{"width":1000,"height":350,"url":"https:\/\/products.greywolfah.com\/wp-content\/uploads\/2026\/03\/paper-airplane_purple-1.png","type":"image\/png"}],"twitter_card":"summary_large_image","twitter_misc":{"Dur\u00e9e de lecture estim\u00e9e":"1 minute"},"schema":{"@context":"https:\/\/schema.org","@graph":[{"@type":"WebPage","@id":"https:\/\/products.greywolfah.com\/fr\/bonqat\/","url":"https:\/\/products.greywolfah.com\/fr\/bonqat\/","name":"Bonqat - Solution orale de pr\u00e9gabaline pour chats","isPartOf":{"@id":"https:\/\/products.greywolfah.com\/fr\/#website"},"primaryImageOfPage":{"@id":"https:\/\/products.greywolfah.com\/fr\/bonqat\/#primaryimage"},"image":{"@id":"https:\/\/products.greywolfah.com\/fr\/bonqat\/#primaryimage"},"thumbnailUrl":"https:\/\/products.greywolfah.com\/wp-content\/uploads\/2026\/03\/paper-airplane_purple-1-300x105.png","datePublished":"2026-04-14T16:41:48+00:00","dateModified":"2026-04-23T18:10:50+00:00","description":"Bonqat - Solution orale de pr\u00e9gabaline pour chats","breadcrumb":{"@id":"https:\/\/products.greywolfah.com\/fr\/bonqat\/#breadcrumb"},"inLanguage":"fr-FR","potentialAction":[{"@type":"ReadAction","target":["https:\/\/products.greywolfah.com\/fr\/bonqat\/"]}]},{"@type":"ImageObject","inLanguage":"fr-FR","@id":"https:\/\/products.greywolfah.com\/fr\/bonqat\/#primaryimage","url":"https:\/\/products.greywolfah.com\/wp-content\/uploads\/2026\/03\/paper-airplane_purple-1-300x105.png","contentUrl":"https:\/\/products.greywolfah.com\/wp-content\/uploads\/2026\/03\/paper-airplane_purple-1-300x105.png"},{"@type":"BreadcrumbList","@id":"https:\/\/products.greywolfah.com\/fr\/bonqat\/#breadcrumb","itemListElement":[{"@type":"ListItem","position":1,"name":"Accueil","item":"https:\/\/products.greywolfah.com\/fr\/"},{"@type":"ListItem","position":2,"name":"Bonqat"}]},{"@type":"WebSite","@id":"https:\/\/products.greywolfah.com\/fr\/#website","url":"https:\/\/products.greywolfah.com\/fr\/","name":"Grey Wolf for Veterinary Professionals","description":"Be ready with our portfolio of solutions","publisher":{"@id":"https:\/\/products.greywolfah.com\/fr\/#organization"},"potentialAction":[{"@type":"SearchAction","target":{"@type":"EntryPoint","urlTemplate":"https:\/\/products.greywolfah.com\/fr\/?s={search_term_string}"},"query-input":{"@type":"PropertyValueSpecification","valueRequired":true,"valueName":"search_term_string"}}],"inLanguage":"fr-FR"},{"@type":"Organization","@id":"https:\/\/products.greywolfah.com\/fr\/#organization","name":"Grey Wolf","url":"https:\/\/products.greywolfah.com\/fr\/","logo":{"@type":"ImageObject","inLanguage":"fr-FR","@id":"https:\/\/products.greywolfah.com\/fr\/#\/schema\/logo\/image\/","url":"https:\/\/products.greywolfah.com\/wp-content\/uploads\/2020\/12\/greywolf-logo.png","contentUrl":"https:\/\/products.greywolfah.com\/wp-content\/uploads\/2020\/12\/greywolf-logo.png","width":240,"height":57,"caption":"Grey Wolf"},"image":{"@id":"https:\/\/products.greywolfah.com\/fr\/#\/schema\/logo\/image\/"}}]}},"_links":{"self":[{"href":"https:\/\/products.greywolfah.com\/fr\/wp-json\/wp\/v2\/pages\/22038","targetHints":{"allow":["GET"]}}],"collection":[{"href":"https:\/\/products.greywolfah.com\/fr\/wp-json\/wp\/v2\/pages"}],"about":[{"href":"https:\/\/products.greywolfah.com\/fr\/wp-json\/wp\/v2\/types\/page"}],"author":[{"embeddable":true,"href":"https:\/\/products.greywolfah.com\/fr\/wp-json\/wp\/v2\/users\/14"}],"replies":[{"embeddable":true,"href":"https:\/\/products.greywolfah.com\/fr\/wp-json\/wp\/v2\/comments?post=22038"}],"version-history":[{"count":19,"href":"https:\/\/products.greywolfah.com\/fr\/wp-json\/wp\/v2\/pages\/22038\/revisions"}],"predecessor-version":[{"id":22170,"href":"https:\/\/products.greywolfah.com\/fr\/wp-json\/wp\/v2\/pages\/22038\/revisions\/22170"}],"wp:attachment":[{"href":"https:\/\/products.greywolfah.com\/fr\/wp-json\/wp\/v2\/media?parent=22038"}],"curies":[{"name":"wp","href":"https:\/\/api.w.org\/{rel}","templated":true}]}}