{"id":21868,"date":"2024-09-18T17:41:13","date_gmt":"2024-09-18T17:41:13","guid":{"rendered":"https:\/\/products.greywolfah.com\/sileo-2\/"},"modified":"2025-08-06T20:54:51","modified_gmt":"2025-08-06T20:54:51","slug":"sileo","status":"publish","type":"page","link":"https:\/\/products.greywolfah.com\/fr\/sileo\/","title":{"rendered":"Sileo"},"content":{"rendered":"\t\t<div data-elementor-type=\"wp-post\" data-elementor-id=\"21868\" class=\"elementor elementor-21868 elementor-21429\" data-elementor-post-type=\"page\">\n\t\t\t\t\t\t<section class=\"elementor-section elementor-top-section elementor-element elementor-element-c652891 elementor-section-full_width elementor-section-height-default elementor-section-height-default\" data-id=\"c652891\" data-element_type=\"section\" data-e-type=\"section\">\n\t\t\t\t\t\t<div class=\"elementor-container elementor-column-gap-default\">\n\t\t\t\t\t<div class=\"elementor-column elementor-col-100 elementor-top-column elementor-element elementor-element-2531539\" data-id=\"2531539\" data-element_type=\"column\" data-e-type=\"column\">\n\t\t\t<div class=\"elementor-widget-wrap elementor-element-populated\">\n\t\t\t\t\t\t<div class=\"elementor-element elementor-element-447e574 elementor-widget elementor-widget-breadcrumbs\" data-id=\"447e574\" data-element_type=\"widget\" data-e-type=\"widget\" data-widget_type=\"breadcrumbs.default\">\n\t\t\t\t<div class=\"elementor-widget-container\">\n\t\t\t\t\t<nav id=\"breadcrumbs\"><span><span><a href=\"https:\/\/products.greywolfah.com\/fr\/\">Accueil<\/a><\/span><\/span><\/nav>\t\t\t\t<\/div>\n\t\t\t\t<\/div>\n\t\t\t\t\t<\/div>\n\t\t<\/div>\n\t\t\t\t\t<\/div>\n\t\t<\/section>\n\t\t\t\t<section class=\"elementor-section elementor-top-section elementor-element elementor-element-ef33029 elementor-section-items-top elementor-section-full_width elementor-section-height-min-height elementor-section-height-default\" data-id=\"ef33029\" data-element_type=\"section\" data-e-type=\"section\" data-settings=\"{&quot;background_background&quot;:&quot;classic&quot;}\">\n\t\t\t\t\t\t\t<div class=\"elementor-background-overlay\"><\/div>\n\t\t\t\t\t\t\t<div class=\"elementor-container elementor-column-gap-default\">\n\t\t\t\t\t<div class=\"elementor-column elementor-col-100 elementor-top-column elementor-element elementor-element-393e6f2\" data-id=\"393e6f2\" data-element_type=\"column\" data-e-type=\"column\">\n\t\t\t<div class=\"elementor-widget-wrap elementor-element-populated\">\n\t\t\t\t\t\t<div class=\"elementor-element elementor-element-55f4cec elementor-widget elementor-widget-heading\" data-id=\"55f4cec\" data-element_type=\"widget\" data-e-type=\"widget\" data-widget_type=\"heading.default\">\n\t\t\t\t<div class=\"elementor-widget-container\">\n\t\t\t\t\t<h2 class=\"elementor-heading-title elementor-size-default\">Voici<br>SILEO<sup><span style=\"font-size:30pt\">\u00ae<\/span><\/sup><\/h2>\t\t\t\t<\/div>\n\t\t\t\t<\/div>\n\t\t\t\t<div class=\"elementor-element elementor-element-c892ba7 elementor-widget elementor-widget-heading\" data-id=\"c892ba7\" data-element_type=\"widget\" data-e-type=\"widget\" data-widget_type=\"heading.default\">\n\t\t\t\t<div class=\"elementor-widget-container\">\n\t\t\t\t\t<h2 class=\"elementor-heading-title elementor-size-default\">(Gel oro-muqueux de chlorhydrate de dexm\u00e9d\u00e9tomidine)<\/h2>\t\t\t\t<\/div>\n\t\t\t\t<\/div>\n\t\t\t\t\t<\/div>\n\t\t<\/div>\n\t\t\t\t\t<\/div>\n\t\t<\/section>\n\t\t\t\t<section class=\"elementor-section elementor-top-section elementor-element elementor-element-cc91476 elementor-section-full_width elementor-section-height-default elementor-section-height-default\" data-id=\"cc91476\" data-element_type=\"section\" data-e-type=\"section\" data-settings=\"{&quot;shape_divider_top&quot;:&quot;split&quot;}\">\n\t\t\t\t\t<div class=\"elementor-shape elementor-shape-top\" aria-hidden=\"true\" data-negative=\"false\">\n\t\t\t<svg xmlns=\"http:\/\/www.w3.org\/2000\/svg\" viewBox=\"0 0 1000 20\" preserveAspectRatio=\"none\">\n\t<path class=\"elementor-shape-fill\" d=\"M0,0v3c0,0,393.8,0,483.4,0c9.2,0,16.6,7.4,16.6,16.6c0-9.1,7.4-16.6,16.6-16.6C606.2,3,1000,3,1000,3V0H0z\"\/>\n<\/svg>\t\t<\/div>\n\t\t\t\t\t<div class=\"elementor-container elementor-column-gap-default\">\n\t\t\t\t\t<div class=\"elementor-column elementor-col-50 elementor-top-column elementor-element elementor-element-a82cc99\" data-id=\"a82cc99\" data-element_type=\"column\" data-e-type=\"column\" data-settings=\"{&quot;background_background&quot;:&quot;classic&quot;}\">\n\t\t\t<div class=\"elementor-widget-wrap elementor-element-populated\">\n\t\t\t\t\t\t<div class=\"elementor-element elementor-element-19c0d94 elementor-widget elementor-widget-text-editor\" data-id=\"19c0d94\" data-element_type=\"widget\" data-e-type=\"widget\" data-widget_type=\"text-editor.default\">\n\t\t\t\t<div class=\"elementor-widget-container\">\n\t\t\t\t\t\t\t\t\t<p><strong>SILEO<sup>\u00ae<\/sup><\/strong> (Gel oro-muqueux de chlorhydrate de dexm\u00e9d\u00e9tomidine)<\/p>\n\t\t\t\t\t\t\t\t<\/div>\n\t\t\t\t<\/div>\n\t\t\t\t<div class=\"elementor-element elementor-element-0817216 elementor-widget elementor-widget-text-editor\" data-id=\"0817216\" data-element_type=\"widget\" data-e-type=\"widget\" data-widget_type=\"text-editor.default\">\n\t\t\t\t<div class=\"elementor-widget-container\">\n\t\t\t\t\t\t\t\t\t<p style=\"font-weight: 400;\">Professionnels de la sant\u00e9 veuillez vous reporter au feuillet de la fiche produit pour les d\u00e9tails complets, incluant les pr\u00e9cautions et les mises en garde.<\/p>\t\t\t\t\t\t\t\t<\/div>\n\t\t\t\t<\/div>\n\t\t\t\t<div class=\"elementor-element elementor-element-064ccef elementor-align-center elementor-widget elementor-widget-button\" data-id=\"064ccef\" data-element_type=\"widget\" data-e-type=\"widget\" data-widget_type=\"button.default\">\n\t\t\t\t<div class=\"elementor-widget-container\">\n\t\t\t\t\t\t\t\t\t<div class=\"elementor-button-wrapper\">\n\t\t\t\t\t<a class=\"elementor-button elementor-button-link elementor-size-md\" href=\"https:\/\/sileo-pi.ca\/forms\/sileo-pi.pdf\">\n\t\t\t\t\t\t<span class=\"elementor-button-content-wrapper\">\n\t\t\t\t\t\t\t\t\t<span class=\"elementor-button-text\">T\u00e9l\u00e9charger la fiche produit de SILEO<\/span>\n\t\t\t\t\t<\/span>\n\t\t\t\t\t<\/a>\n\t\t\t\t<\/div>\n\t\t\t\t\t\t\t\t<\/div>\n\t\t\t\t<\/div>\n\t\t\t\t<div class=\"elementor-element elementor-element-e306033 elementor-widget elementor-widget-text-editor\" data-id=\"e306033\" data-element_type=\"widget\" data-e-type=\"widget\" data-widget_type=\"text-editor.default\">\n\t\t\t\t<div class=\"elementor-widget-container\">\n\t\t\t\t\t\t\t\t\t<p>Sileo est disponibles aupr\u00e8s de cliniques v\u00e9t\u00e9rinaires. Pour trouver ce dont votre animal de compagnie a besoin, demandez \u00e0 votre v\u00e9t\u00e9rinaire. Des informations produits et techniques d\u00e9taill\u00e9es pour les v\u00e9t\u00e9rinaires sont disponibles aupr\u00e8s d&#8217;un responsable des g\u00e9rants de territoire de Grey Wolf Animal Health.<\/p>\t\t\t\t\t\t\t\t<\/div>\n\t\t\t\t<\/div>\n\t\t\t\t\t<\/div>\n\t\t<\/div>\n\t\t\t\t<div class=\"elementor-column elementor-col-50 elementor-top-column elementor-element elementor-element-642c892\" data-id=\"642c892\" data-element_type=\"column\" data-e-type=\"column\" data-settings=\"{&quot;background_background&quot;:&quot;classic&quot;}\">\n\t\t\t<div class=\"elementor-widget-wrap elementor-element-populated\">\n\t\t\t\t\t\t<div class=\"elementor-element elementor-element-ef4c4d7 elementor-widget elementor-widget-image\" data-id=\"ef4c4d7\" data-element_type=\"widget\" data-e-type=\"widget\" data-widget_type=\"image.default\">\n\t\t\t\t<div class=\"elementor-widget-container\">\n\t\t\t\t\t\t\t\t\t\t\t\t\t\t\t<img fetchpriority=\"high\" decoding=\"async\" width=\"1500\" height=\"610\" src=\"https:\/\/products.greywolfah.com\/wp-content\/uploads\/2024\/10\/Orion_Sileo_lowAngle_GWAH_PR-e1734040120688.png\" class=\"attachment-full size-full wp-image-21858\" alt=\"\" \/>\t\t\t\t\t\t\t\t\t\t\t\t\t\t\t<\/div>\n\t\t\t\t<\/div>\n\t\t\t\t\t<\/div>\n\t\t<\/div>\n\t\t\t\t\t<\/div>\n\t\t<\/section>\n\t\t<div class=\"elementor-element elementor-element-4574561 e-flex e-con-boxed e-con e-parent\" data-id=\"4574561\" data-element_type=\"container\" data-e-type=\"container\">\n\t\t\t\t\t<div class=\"e-con-inner\">\n\t\t<div class=\"elementor-element elementor-element-aeabd4d e-con-full e-flex e-con e-child\" data-id=\"aeabd4d\" data-element_type=\"container\" data-e-type=\"container\">\n\t\t<div class=\"elementor-element elementor-element-cf97bc1 e-con-full e-flex e-con e-child\" data-id=\"cf97bc1\" data-element_type=\"container\" data-e-type=\"container\">\n\t\t\t\t<div class=\"elementor-element elementor-element-981d57f elementor-widget elementor-widget-text-editor\" data-id=\"981d57f\" data-element_type=\"widget\" data-e-type=\"widget\" data-widget_type=\"text-editor.default\">\n\t\t\t\t<div class=\"elementor-widget-container\">\n\t\t\t\t\t\t\t\t\t<p><span style=\"font-size: 1.3rem;\">\u00a9 2024 Grey Wolf Animal Health Inc. SILEO<sup>\u00ae<\/sup>\u00a0est une marque d\u00e9pos\u00e9e d\u2019Orion Pharma Animal Health.<\/span><\/p>\t\t\t\t\t\t\t\t<\/div>\n\t\t\t\t<\/div>\n\t\t\t\t<\/div>\n\t\t\t\t<\/div>\n\t\t\t\t\t<\/div>\n\t\t\t\t<\/div>\n\t\t\t\t<section class=\"elementor-section elementor-top-section elementor-element elementor-element-04c93bc elementor-section-boxed elementor-section-height-default elementor-section-height-default\" data-id=\"04c93bc\" data-element_type=\"section\" data-e-type=\"section\">\n\t\t\t\t\t\t<div class=\"elementor-container elementor-column-gap-default\">\n\t\t\t\t\t<div class=\"elementor-column elementor-col-100 elementor-top-column elementor-element elementor-element-8327f94\" data-id=\"8327f94\" data-element_type=\"column\" data-e-type=\"column\">\n\t\t\t<div class=\"elementor-widget-wrap elementor-element-populated\">\n\t\t\t\t\t\t<div class=\"elementor-element elementor-element-9a5b0e8 elementor-align-center elementor-widget elementor-widget-button\" data-id=\"9a5b0e8\" data-element_type=\"widget\" data-e-type=\"widget\" data-widget_type=\"button.default\">\n\t\t\t\t<div class=\"elementor-widget-container\">\n\t\t\t\t\t\t\t\t\t<div class=\"elementor-button-wrapper\">\n\t\t\t\t\t<a class=\"elementor-button elementor-button-link elementor-size-md\" href=\"https:\/\/products.greywolfah.com\/fr\/request-a-call\/?product=Hepaticlear\">\n\t\t\t\t\t\t<span class=\"elementor-button-content-wrapper\">\n\t\t\t\t\t\t\t\t\t<span class=\"elementor-button-text\">POUR NOUS JOINDRE<\/span>\n\t\t\t\t\t<\/span>\n\t\t\t\t\t<\/a>\n\t\t\t\t<\/div>\n\t\t\t\t\t\t\t\t<\/div>\n\t\t\t\t<\/div>\n\t\t\t\t\t<\/div>\n\t\t<\/div>\n\t\t\t\t\t<\/div>\n\t\t<\/section>\n\t\t\t\t<\/div>\n\t\t","protected":false},"excerpt":{"rendered":"<p>VoiciSILEO\u00ae (Gel oro-muqueux de chlorhydrate de dexm\u00e9d\u00e9tomidine) SILEO\u00ae (Gel oro-muqueux de chlorhydrate de dexm\u00e9d\u00e9tomidine) Professionnels de la sant\u00e9 veuillez vous reporter au feuillet de la fiche produit pour les d\u00e9tails complets, incluant les pr\u00e9cautions et les mises en garde. T\u00e9l\u00e9charger la fiche produit de SILEO Sileo est disponibles aupr\u00e8s de cliniques v\u00e9t\u00e9rinaires. Pour trouver ce [&hellip;]<\/p>\n","protected":false},"author":14,"featured_media":0,"parent":0,"menu_order":4,"comment_status":"closed","ping_status":"closed","template":"","meta":{"footnotes":""},"class_list":["post-21868","page","type-page","status-publish","hentry","entry"],"yoast_head":"<!-- This site is optimized with the Yoast SEO plugin v27.4 - https:\/\/yoast.com\/product\/yoast-seo-wordpress\/ -->\n<title>SILEO- Dexmedetomidine hydrochloride oromucosal gel<\/title>\n<meta name=\"description\" content=\"SILEO\u00ae (dexmedetomidine hydrochloride oromucosal gel) is the first and only Health Canada\u2013approved, fast-acting prescription medication for the alleviation of acute anxiety and fear associated with noise in dogs.\" \/>\n<meta name=\"robots\" content=\"index, follow, max-snippet:-1, max-image-preview:large, max-video-preview:-1\" \/>\n<link rel=\"canonical\" href=\"https:\/\/products.greywolfah.com\/fr\/sileo\/\" \/>\n<meta property=\"og:locale\" content=\"fr_FR\" \/>\n<meta property=\"og:type\" content=\"article\" \/>\n<meta property=\"og:title\" content=\"SILEO- Dexmedetomidine hydrochloride oromucosal gel\" \/>\n<meta property=\"og:description\" content=\"SILEO\u00ae (dexmedetomidine hydrochloride oromucosal gel) is the first and only Health Canada\u2013approved, fast-acting prescription medication for the alleviation of acute anxiety and fear associated with noise in dogs.\" \/>\n<meta property=\"og:url\" content=\"https:\/\/products.greywolfah.com\/fr\/sileo\/\" \/>\n<meta property=\"og:site_name\" content=\"Grey Wolf for Veterinary Professionals\" \/>\n<meta property=\"article:modified_time\" content=\"2025-08-06T20:54:51+00:00\" \/>\n<meta property=\"og:image\" content=\"https:\/\/products.greywolfah.com\/wp-content\/uploads\/2024\/10\/Orion_Sileo_lowAngle_GWAH_PR-e1734040120688.png\" \/>\n\t<meta property=\"og:image:width\" content=\"1500\" \/>\n\t<meta property=\"og:image:height\" content=\"610\" \/>\n\t<meta property=\"og:image:type\" content=\"image\/png\" \/>\n<meta name=\"twitter:card\" content=\"summary_large_image\" \/>\n<meta name=\"twitter:label1\" content=\"Dur\u00e9e de lecture estim\u00e9e\" \/>\n\t<meta name=\"twitter:data1\" content=\"1 minute\" \/>\n<script type=\"application\/ld+json\" class=\"yoast-schema-graph\">{\"@context\":\"https:\\\/\\\/schema.org\",\"@graph\":[{\"@type\":\"WebPage\",\"@id\":\"https:\\\/\\\/products.greywolfah.com\\\/fr\\\/sileo\\\/\",\"url\":\"https:\\\/\\\/products.greywolfah.com\\\/fr\\\/sileo\\\/\",\"name\":\"SILEO- Dexmedetomidine hydrochloride oromucosal gel\",\"isPartOf\":{\"@id\":\"https:\\\/\\\/products.greywolfah.com\\\/fr\\\/#website\"},\"primaryImageOfPage\":{\"@id\":\"https:\\\/\\\/products.greywolfah.com\\\/fr\\\/sileo\\\/#primaryimage\"},\"image\":{\"@id\":\"https:\\\/\\\/products.greywolfah.com\\\/fr\\\/sileo\\\/#primaryimage\"},\"thumbnailUrl\":\"https:\\\/\\\/products.greywolfah.com\\\/wp-content\\\/uploads\\\/2024\\\/10\\\/Orion_Sileo_lowAngle_GWAH_PR-e1734040120688.png\",\"datePublished\":\"2024-09-18T17:41:13+00:00\",\"dateModified\":\"2025-08-06T20:54:51+00:00\",\"description\":\"SILEO\u00ae (dexmedetomidine hydrochloride oromucosal gel) is the first and only Health Canada\u2013approved, fast-acting prescription medication for the alleviation of acute anxiety and fear associated with noise in dogs.\",\"breadcrumb\":{\"@id\":\"https:\\\/\\\/products.greywolfah.com\\\/fr\\\/sileo\\\/#breadcrumb\"},\"inLanguage\":\"fr-FR\",\"potentialAction\":[{\"@type\":\"ReadAction\",\"target\":[\"https:\\\/\\\/products.greywolfah.com\\\/fr\\\/sileo\\\/\"]}]},{\"@type\":\"ImageObject\",\"inLanguage\":\"fr-FR\",\"@id\":\"https:\\\/\\\/products.greywolfah.com\\\/fr\\\/sileo\\\/#primaryimage\",\"url\":\"https:\\\/\\\/products.greywolfah.com\\\/wp-content\\\/uploads\\\/2024\\\/10\\\/Orion_Sileo_lowAngle_GWAH_PR-e1734040120688.png\",\"contentUrl\":\"https:\\\/\\\/products.greywolfah.com\\\/wp-content\\\/uploads\\\/2024\\\/10\\\/Orion_Sileo_lowAngle_GWAH_PR-e1734040120688.png\"},{\"@type\":\"BreadcrumbList\",\"@id\":\"https:\\\/\\\/products.greywolfah.com\\\/fr\\\/sileo\\\/#breadcrumb\",\"itemListElement\":[{\"@type\":\"ListItem\",\"position\":1,\"name\":\"Accueil\",\"item\":\"https:\\\/\\\/products.greywolfah.com\\\/fr\\\/\"},{\"@type\":\"ListItem\",\"position\":2,\"name\":\"Sileo\"}]},{\"@type\":\"WebSite\",\"@id\":\"https:\\\/\\\/products.greywolfah.com\\\/fr\\\/#website\",\"url\":\"https:\\\/\\\/products.greywolfah.com\\\/fr\\\/\",\"name\":\"Grey Wolf for Veterinary Professionals\",\"description\":\"Be ready with our portfolio of solutions\",\"publisher\":{\"@id\":\"https:\\\/\\\/products.greywolfah.com\\\/fr\\\/#organization\"},\"potentialAction\":[{\"@type\":\"SearchAction\",\"target\":{\"@type\":\"EntryPoint\",\"urlTemplate\":\"https:\\\/\\\/products.greywolfah.com\\\/fr\\\/?s={search_term_string}\"},\"query-input\":{\"@type\":\"PropertyValueSpecification\",\"valueRequired\":true,\"valueName\":\"search_term_string\"}}],\"inLanguage\":\"fr-FR\"},{\"@type\":\"Organization\",\"@id\":\"https:\\\/\\\/products.greywolfah.com\\\/fr\\\/#organization\",\"name\":\"Grey Wolf\",\"url\":\"https:\\\/\\\/products.greywolfah.com\\\/fr\\\/\",\"logo\":{\"@type\":\"ImageObject\",\"inLanguage\":\"fr-FR\",\"@id\":\"https:\\\/\\\/products.greywolfah.com\\\/fr\\\/#\\\/schema\\\/logo\\\/image\\\/\",\"url\":\"https:\\\/\\\/products.greywolfah.com\\\/wp-content\\\/uploads\\\/2020\\\/12\\\/greywolf-logo.png\",\"contentUrl\":\"https:\\\/\\\/products.greywolfah.com\\\/wp-content\\\/uploads\\\/2020\\\/12\\\/greywolf-logo.png\",\"width\":240,\"height\":57,\"caption\":\"Grey Wolf\"},\"image\":{\"@id\":\"https:\\\/\\\/products.greywolfah.com\\\/fr\\\/#\\\/schema\\\/logo\\\/image\\\/\"}}]}<\/script>\n<!-- \/ Yoast SEO plugin. -->","yoast_head_json":{"title":"SILEO- Dexmedetomidine hydrochloride oromucosal gel","description":"SILEO\u00ae (dexmedetomidine hydrochloride oromucosal gel) is the first and only Health Canada\u2013approved, fast-acting prescription medication for the alleviation of acute anxiety and fear associated with noise in dogs.","robots":{"index":"index","follow":"follow","max-snippet":"max-snippet:-1","max-image-preview":"max-image-preview:large","max-video-preview":"max-video-preview:-1"},"canonical":"https:\/\/products.greywolfah.com\/fr\/sileo\/","og_locale":"fr_FR","og_type":"article","og_title":"SILEO- Dexmedetomidine hydrochloride oromucosal gel","og_description":"SILEO\u00ae (dexmedetomidine hydrochloride oromucosal gel) is the first and only Health Canada\u2013approved, fast-acting prescription medication for the alleviation of acute anxiety and fear associated with noise in dogs.","og_url":"https:\/\/products.greywolfah.com\/fr\/sileo\/","og_site_name":"Grey Wolf for Veterinary Professionals","article_modified_time":"2025-08-06T20:54:51+00:00","og_image":[{"width":1500,"height":610,"url":"https:\/\/products.greywolfah.com\/wp-content\/uploads\/2024\/10\/Orion_Sileo_lowAngle_GWAH_PR-e1734040120688.png","type":"image\/png"}],"twitter_card":"summary_large_image","twitter_misc":{"Dur\u00e9e de lecture estim\u00e9e":"1 minute"},"schema":{"@context":"https:\/\/schema.org","@graph":[{"@type":"WebPage","@id":"https:\/\/products.greywolfah.com\/fr\/sileo\/","url":"https:\/\/products.greywolfah.com\/fr\/sileo\/","name":"SILEO- Dexmedetomidine hydrochloride oromucosal gel","isPartOf":{"@id":"https:\/\/products.greywolfah.com\/fr\/#website"},"primaryImageOfPage":{"@id":"https:\/\/products.greywolfah.com\/fr\/sileo\/#primaryimage"},"image":{"@id":"https:\/\/products.greywolfah.com\/fr\/sileo\/#primaryimage"},"thumbnailUrl":"https:\/\/products.greywolfah.com\/wp-content\/uploads\/2024\/10\/Orion_Sileo_lowAngle_GWAH_PR-e1734040120688.png","datePublished":"2024-09-18T17:41:13+00:00","dateModified":"2025-08-06T20:54:51+00:00","description":"SILEO\u00ae (dexmedetomidine hydrochloride oromucosal gel) is the first and only Health Canada\u2013approved, fast-acting prescription medication for the alleviation of acute anxiety and fear associated with noise in dogs.","breadcrumb":{"@id":"https:\/\/products.greywolfah.com\/fr\/sileo\/#breadcrumb"},"inLanguage":"fr-FR","potentialAction":[{"@type":"ReadAction","target":["https:\/\/products.greywolfah.com\/fr\/sileo\/"]}]},{"@type":"ImageObject","inLanguage":"fr-FR","@id":"https:\/\/products.greywolfah.com\/fr\/sileo\/#primaryimage","url":"https:\/\/products.greywolfah.com\/wp-content\/uploads\/2024\/10\/Orion_Sileo_lowAngle_GWAH_PR-e1734040120688.png","contentUrl":"https:\/\/products.greywolfah.com\/wp-content\/uploads\/2024\/10\/Orion_Sileo_lowAngle_GWAH_PR-e1734040120688.png"},{"@type":"BreadcrumbList","@id":"https:\/\/products.greywolfah.com\/fr\/sileo\/#breadcrumb","itemListElement":[{"@type":"ListItem","position":1,"name":"Accueil","item":"https:\/\/products.greywolfah.com\/fr\/"},{"@type":"ListItem","position":2,"name":"Sileo"}]},{"@type":"WebSite","@id":"https:\/\/products.greywolfah.com\/fr\/#website","url":"https:\/\/products.greywolfah.com\/fr\/","name":"Grey Wolf for Veterinary Professionals","description":"Be ready with our portfolio of solutions","publisher":{"@id":"https:\/\/products.greywolfah.com\/fr\/#organization"},"potentialAction":[{"@type":"SearchAction","target":{"@type":"EntryPoint","urlTemplate":"https:\/\/products.greywolfah.com\/fr\/?s={search_term_string}"},"query-input":{"@type":"PropertyValueSpecification","valueRequired":true,"valueName":"search_term_string"}}],"inLanguage":"fr-FR"},{"@type":"Organization","@id":"https:\/\/products.greywolfah.com\/fr\/#organization","name":"Grey Wolf","url":"https:\/\/products.greywolfah.com\/fr\/","logo":{"@type":"ImageObject","inLanguage":"fr-FR","@id":"https:\/\/products.greywolfah.com\/fr\/#\/schema\/logo\/image\/","url":"https:\/\/products.greywolfah.com\/wp-content\/uploads\/2020\/12\/greywolf-logo.png","contentUrl":"https:\/\/products.greywolfah.com\/wp-content\/uploads\/2020\/12\/greywolf-logo.png","width":240,"height":57,"caption":"Grey Wolf"},"image":{"@id":"https:\/\/products.greywolfah.com\/fr\/#\/schema\/logo\/image\/"}}]}},"_links":{"self":[{"href":"https:\/\/products.greywolfah.com\/fr\/wp-json\/wp\/v2\/pages\/21868","targetHints":{"allow":["GET"]}}],"collection":[{"href":"https:\/\/products.greywolfah.com\/fr\/wp-json\/wp\/v2\/pages"}],"about":[{"href":"https:\/\/products.greywolfah.com\/fr\/wp-json\/wp\/v2\/types\/page"}],"author":[{"embeddable":true,"href":"https:\/\/products.greywolfah.com\/fr\/wp-json\/wp\/v2\/users\/14"}],"replies":[{"embeddable":true,"href":"https:\/\/products.greywolfah.com\/fr\/wp-json\/wp\/v2\/comments?post=21868"}],"version-history":[{"count":19,"href":"https:\/\/products.greywolfah.com\/fr\/wp-json\/wp\/v2\/pages\/21868\/revisions"}],"predecessor-version":[{"id":21991,"href":"https:\/\/products.greywolfah.com\/fr\/wp-json\/wp\/v2\/pages\/21868\/revisions\/21991"}],"wp:attachment":[{"href":"https:\/\/products.greywolfah.com\/fr\/wp-json\/wp\/v2\/media?parent=21868"}],"curies":[{"name":"wp","href":"https:\/\/api.w.org\/{rel}","templated":true}]}}