{"id":21258,"date":"2024-07-19T17:28:12","date_gmt":"2024-07-19T17:28:12","guid":{"rendered":"https:\/\/products.greywolfah.com\/?page_id=21258"},"modified":"2024-08-26T15:49:12","modified_gmt":"2024-08-26T15:49:12","slug":"microsilver-shampoo","status":"publish","type":"page","link":"https:\/\/products.greywolfah.com\/fr\/microsilver-shampoo\/","title":{"rendered":"MicroSilver+ Shampoo"},"content":{"rendered":"\t\t<div data-elementor-type=\"wp-post\" data-elementor-id=\"21258\" class=\"elementor elementor-21258 elementor-21257\" data-elementor-post-type=\"page\">\n\t\t\t\t\t\t<section class=\"elementor-section elementor-top-section elementor-element elementor-element-c652891 elementor-section-full_width elementor-section-height-default elementor-section-height-default\" data-id=\"c652891\" data-element_type=\"section\" data-e-type=\"section\">\n\t\t\t\t\t\t<div class=\"elementor-container elementor-column-gap-default\">\n\t\t\t\t\t<div class=\"elementor-column elementor-col-100 elementor-top-column elementor-element elementor-element-2531539\" data-id=\"2531539\" data-element_type=\"column\" data-e-type=\"column\">\n\t\t\t<div class=\"elementor-widget-wrap elementor-element-populated\">\n\t\t\t\t\t\t<div class=\"elementor-element elementor-element-447e574 elementor-widget elementor-widget-breadcrumbs\" data-id=\"447e574\" data-element_type=\"widget\" data-e-type=\"widget\" data-widget_type=\"breadcrumbs.default\">\n\t\t\t\t<div class=\"elementor-widget-container\">\n\t\t\t\t\t<nav id=\"breadcrumbs\"><span><span><a href=\"https:\/\/products.greywolfah.com\/fr\/\">Accueil<\/a><\/span><\/span><\/nav>\t\t\t\t<\/div>\n\t\t\t\t<\/div>\n\t\t\t\t\t<\/div>\n\t\t<\/div>\n\t\t\t\t\t<\/div>\n\t\t<\/section>\n\t\t\t\t<section class=\"elementor-section elementor-top-section elementor-element elementor-element-ef33029 elementor-section-items-top elementor-section-full_width elementor-section-height-min-height elementor-section-height-default\" data-id=\"ef33029\" data-element_type=\"section\" data-e-type=\"section\" data-settings=\"{&quot;background_background&quot;:&quot;classic&quot;}\">\n\t\t\t\t\t\t<div class=\"elementor-container elementor-column-gap-default\">\n\t\t\t\t\t<div class=\"elementor-column elementor-col-100 elementor-top-column elementor-element elementor-element-ec8a30f\" data-id=\"ec8a30f\" data-element_type=\"column\" data-e-type=\"column\" data-settings=\"{&quot;background_background&quot;:&quot;classic&quot;}\">\n\t\t\t<div class=\"elementor-widget-wrap elementor-element-populated\">\n\t\t\t\t\t\t<div class=\"elementor-element elementor-element-8a5916d elementor-widget elementor-widget-heading\" data-id=\"8a5916d\" data-element_type=\"widget\" data-e-type=\"widget\" data-widget_type=\"heading.default\">\n\t\t\t\t<div class=\"elementor-widget-container\">\n\t\t\t\t\t<h1 class=\"elementor-heading-title elementor-size-default\">MICROSILVER+ SHAMPOO<\/h1>\t\t\t\t<\/div>\n\t\t\t\t<\/div>\n\t\t\t\t<div class=\"elementor-element elementor-element-16a646c elementor-widget elementor-widget-heading\" data-id=\"16a646c\" data-element_type=\"widget\" data-e-type=\"widget\" data-widget_type=\"heading.default\">\n\t\t\t\t<div class=\"elementor-widget-container\">\n\t\t\t\t\t<h2 class=\"elementor-heading-title elementor-size-default\">Red\u00e9couvrez le temps des c\u00e2lins avec le pouvoir apaisant de l\u2019argent pour la peau<\/h2>\t\t\t\t<\/div>\n\t\t\t\t<\/div>\n\t\t\t\t\t<\/div>\n\t\t<\/div>\n\t\t\t\t\t<\/div>\n\t\t<\/section>\n\t\t\t\t<section class=\"elementor-section elementor-top-section elementor-element elementor-element-cc91476 elementor-section-full_width elementor-section-height-default elementor-section-height-default\" data-id=\"cc91476\" data-element_type=\"section\" data-e-type=\"section\" data-settings=\"{&quot;shape_divider_top&quot;:&quot;split&quot;}\">\n\t\t\t\t\t<div class=\"elementor-shape elementor-shape-top\" aria-hidden=\"true\" data-negative=\"false\">\n\t\t\t<svg xmlns=\"http:\/\/www.w3.org\/2000\/svg\" viewBox=\"0 0 1000 20\" preserveAspectRatio=\"none\">\n\t<path class=\"elementor-shape-fill\" d=\"M0,0v3c0,0,393.8,0,483.4,0c9.2,0,16.6,7.4,16.6,16.6c0-9.1,7.4-16.6,16.6-16.6C606.2,3,1000,3,1000,3V0H0z\"\/>\n<\/svg>\t\t<\/div>\n\t\t\t\t\t<div class=\"elementor-container elementor-column-gap-default\">\n\t\t\t\t\t<div class=\"elementor-column elementor-col-50 elementor-top-column elementor-element elementor-element-a82cc99\" data-id=\"a82cc99\" data-element_type=\"column\" data-e-type=\"column\" data-settings=\"{&quot;background_background&quot;:&quot;classic&quot;}\">\n\t\t\t<div class=\"elementor-widget-wrap elementor-element-populated\">\n\t\t\t\t\t\t<div class=\"elementor-element elementor-element-19c0d94 elementor-widget elementor-widget-text-editor\" data-id=\"19c0d94\" data-element_type=\"widget\" data-e-type=\"widget\" data-widget_type=\"text-editor.default\">\n\t\t\t\t<div class=\"elementor-widget-container\">\n\t\t\t\t\t\t\t\t\t<p><span style=\"font-weight: bold; font-size: 25.6px;\">MICROSILVER+ SHAMPOO soutient les d\u00e9fenses naturelles de la peau et contribue \u00e0 maintenir une barri\u00e8re cutan\u00e9e saine qui assure une int\u00e9grit\u00e9 optimale de la peau. Seul le MICROSILVER+ SHAMPOO offre :<\/span><\/p>\t\t\t\t\t\t\t\t<\/div>\n\t\t\t\t<\/div>\n\t\t\t\t<div class=\"elementor-element elementor-element-e6aab51 elementor-widget elementor-widget-text-editor\" data-id=\"e6aab51\" data-element_type=\"widget\" data-e-type=\"widget\" data-widget_type=\"text-editor.default\">\n\t\t\t\t<div class=\"elementor-widget-container\">\n\t\t\t\t\t\t\t\t\t<ul>\n<li>L\u2019ingr\u00e9dient actif exclusif <span style=\"font-weight: bold;\">MicroSilver BG<span style=\"position: relative; font-size: 19.2px; line-height: 0; vertical-align: baseline; top: -0.5em; height: 0px; bottom: 1ex;\">\u00ae<\/span><\/span>\u00a0qui n\u2019est pas absorb\u00e9 par la peau<\/li>\n<li>Concentration en <span style=\"font-weight: bold;\">argent de 0,2 %<\/span><\/li>\n<li>Shampooing de base hydratant et <span style=\"font-weight: bold;\">apaisant<\/span><\/li>\n<li>Peut \u00eatre utilis\u00e9 <span style=\"font-weight: bold;\">seul ou avec d\u2019autres produits<\/span><\/li>\n<\/ul>\t\t\t\t\t\t\t\t<\/div>\n\t\t\t\t<\/div>\n\t\t\t\t<div class=\"elementor-element elementor-element-b7739e9 elementor-widget elementor-widget-text-editor\" data-id=\"b7739e9\" data-element_type=\"widget\" data-e-type=\"widget\" data-widget_type=\"text-editor.default\">\n\t\t\t\t<div class=\"elementor-widget-container\">\n\t\t\t\t\t\t\t\t\t<p style=\"font-size: 28.8px;\"><span style=\"font-size: 24px;\">Inscrivez-vous pour recevoir les mises \u00e0 jour sur le lancement de ce produit passionnant et d\u2019autres informations de Grey Wolf Animal Health!<\/span><br><\/p>\n<p style=\"font-size: 28.8px;\"><span style=\"font-size: 24px;\"> <\/span><\/p>\t\t\t\t\t\t\t\t<\/div>\n\t\t\t\t<\/div>\n\t\t\t\t<div class=\"elementor-element elementor-element-cda72ad elementor-align-left elementor-widget elementor-widget-button\" data-id=\"cda72ad\" data-element_type=\"widget\" data-e-type=\"widget\" data-widget_type=\"button.default\">\n\t\t\t\t<div class=\"elementor-widget-container\">\n\t\t\t\t\t\t\t\t\t<div class=\"elementor-button-wrapper\">\n\t\t\t\t\t<a class=\"elementor-button elementor-button-link elementor-size-md\" href=\"https:\/\/products.greywolfah.com\/fr\/ongoing-communication\/\">\n\t\t\t\t\t\t<span class=\"elementor-button-content-wrapper\">\n\t\t\t\t\t\t\t\t\t<span class=\"elementor-button-text\">INSCRIVEZ-VOUS<\/span>\n\t\t\t\t\t<\/span>\n\t\t\t\t\t<\/a>\n\t\t\t\t<\/div>\n\t\t\t\t\t\t\t\t<\/div>\n\t\t\t\t<\/div>\n\t\t\t\t\t<\/div>\n\t\t<\/div>\n\t\t\t\t<div class=\"elementor-column elementor-col-50 elementor-top-column elementor-element elementor-element-642c892\" data-id=\"642c892\" data-element_type=\"column\" data-e-type=\"column\" data-settings=\"{&quot;background_background&quot;:&quot;classic&quot;}\">\n\t\t\t<div class=\"elementor-widget-wrap elementor-element-populated\">\n\t\t\t\t\t\t<div class=\"elementor-element elementor-element-c1a4192 elementor-widget elementor-widget-image\" data-id=\"c1a4192\" data-element_type=\"widget\" data-e-type=\"widget\" data-widget_type=\"image.default\">\n\t\t\t\t<div class=\"elementor-widget-container\">\n\t\t\t\t\t\t\t\t\t\t\t\t\t\t\t<img fetchpriority=\"high\" decoding=\"async\" width=\"350\" height=\"750\" src=\"https:\/\/products.greywolfah.com\/wp-content\/uploads\/2024\/08\/MicroSilver-Website-Image_EN_2.png\" class=\"attachment-large size-large wp-image-21414\" alt=\"\" srcset=\"https:\/\/products.greywolfah.com\/wp-content\/uploads\/2024\/08\/MicroSilver-Website-Image_EN_2.png 350w, https:\/\/products.greywolfah.com\/wp-content\/uploads\/2024\/08\/MicroSilver-Website-Image_EN_2-140x300.png 140w\" sizes=\"(max-width: 350px) 100vw, 350px\" \/>\t\t\t\t\t\t\t\t\t\t\t\t\t\t\t<\/div>\n\t\t\t\t<\/div>\n\t\t\t\t\t<\/div>\n\t\t<\/div>\n\t\t\t\t\t<\/div>\n\t\t<\/section>\n\t\t\t\t<\/div>\n\t\t","protected":false},"excerpt":{"rendered":"<p>MICROSILVER+ SHAMPOO Red\u00e9couvrez le temps des c\u00e2lins avec le pouvoir apaisant de l\u2019argent pour la peau MICROSILVER+ SHAMPOO soutient les d\u00e9fenses naturelles de la peau et contribue \u00e0 maintenir une barri\u00e8re cutan\u00e9e saine qui assure une int\u00e9grit\u00e9 optimale de la peau. Seul le MICROSILVER+ SHAMPOO offre : L\u2019ingr\u00e9dient actif exclusif MicroSilver BG\u00ae\u00a0qui n\u2019est pas absorb\u00e9 [&hellip;]<\/p>\n","protected":false},"author":14,"featured_media":0,"parent":0,"menu_order":4,"comment_status":"closed","ping_status":"closed","template":"","meta":{"footnotes":""},"class_list":["post-21258","page","type-page","status-publish","hentry","entry"],"yoast_head":"<!-- This site is optimized with the Yoast SEO plugin v27.5 - https:\/\/yoast.com\/product\/yoast-seo-wordpress\/ -->\n<title>MicroSilver+ Shampoo<\/title>\n<meta name=\"description\" content=\"Le SHAMPOOING MICROSILVER+ soutient les d\u00e9fenses naturelles de la peau et contribue \u00e0 maintenir une barri\u00e8re cutan\u00e9e saine qui assure une int\u00e9grit\u00e9 optimale de la peau.\" \/>\n<meta name=\"robots\" content=\"index, follow, max-snippet:-1, max-image-preview:large, max-video-preview:-1\" \/>\n<link rel=\"canonical\" href=\"https:\/\/products.greywolfah.com\/fr\/microsilver-shampoo\/\" \/>\n<meta property=\"og:locale\" content=\"fr_FR\" \/>\n<meta property=\"og:type\" content=\"article\" \/>\n<meta property=\"og:title\" content=\"MicroSilver+ Shampoo\" \/>\n<meta property=\"og:description\" content=\"Le SHAMPOOING MICROSILVER+ soutient les d\u00e9fenses naturelles de la peau et contribue \u00e0 maintenir une barri\u00e8re cutan\u00e9e saine qui assure une int\u00e9grit\u00e9 optimale de la peau.\" \/>\n<meta property=\"og:url\" content=\"https:\/\/products.greywolfah.com\/fr\/microsilver-shampoo\/\" \/>\n<meta property=\"og:site_name\" content=\"Grey Wolf for Veterinary Professionals\" \/>\n<meta property=\"article:modified_time\" content=\"2024-08-26T15:49:12+00:00\" \/>\n<meta property=\"og:image\" content=\"https:\/\/products.greywolfah.com\/wp-content\/uploads\/2024\/08\/MicroSilver-Website-Image_EN_2.png\" \/>\n<meta name=\"twitter:card\" content=\"summary_large_image\" \/>\n<meta name=\"twitter:label1\" content=\"Dur\u00e9e de lecture estim\u00e9e\" \/>\n\t<meta name=\"twitter:data1\" content=\"1 minute\" \/>\n<script type=\"application\/ld+json\" class=\"yoast-schema-graph\">{\"@context\":\"https:\\\/\\\/schema.org\",\"@graph\":[{\"@type\":\"WebPage\",\"@id\":\"https:\\\/\\\/products.greywolfah.com\\\/fr\\\/microsilver-shampoo\\\/\",\"url\":\"https:\\\/\\\/products.greywolfah.com\\\/fr\\\/microsilver-shampoo\\\/\",\"name\":\"MicroSilver+ Shampoo\",\"isPartOf\":{\"@id\":\"https:\\\/\\\/products.greywolfah.com\\\/fr\\\/#website\"},\"primaryImageOfPage\":{\"@id\":\"https:\\\/\\\/products.greywolfah.com\\\/fr\\\/microsilver-shampoo\\\/#primaryimage\"},\"image\":{\"@id\":\"https:\\\/\\\/products.greywolfah.com\\\/fr\\\/microsilver-shampoo\\\/#primaryimage\"},\"thumbnailUrl\":\"https:\\\/\\\/products.greywolfah.com\\\/wp-content\\\/uploads\\\/2024\\\/08\\\/MicroSilver-Website-Image_EN_2.png\",\"datePublished\":\"2024-07-19T17:28:12+00:00\",\"dateModified\":\"2024-08-26T15:49:12+00:00\",\"description\":\"Le SHAMPOOING MICROSILVER+ soutient les d\u00e9fenses naturelles de la peau et contribue \u00e0 maintenir une barri\u00e8re cutan\u00e9e saine qui assure une int\u00e9grit\u00e9 optimale de la peau.\",\"breadcrumb\":{\"@id\":\"https:\\\/\\\/products.greywolfah.com\\\/fr\\\/microsilver-shampoo\\\/#breadcrumb\"},\"inLanguage\":\"fr-FR\",\"potentialAction\":[{\"@type\":\"ReadAction\",\"target\":[\"https:\\\/\\\/products.greywolfah.com\\\/fr\\\/microsilver-shampoo\\\/\"]}]},{\"@type\":\"ImageObject\",\"inLanguage\":\"fr-FR\",\"@id\":\"https:\\\/\\\/products.greywolfah.com\\\/fr\\\/microsilver-shampoo\\\/#primaryimage\",\"url\":\"https:\\\/\\\/products.greywolfah.com\\\/wp-content\\\/uploads\\\/2024\\\/08\\\/MicroSilver-Website-Image_EN_2.png\",\"contentUrl\":\"https:\\\/\\\/products.greywolfah.com\\\/wp-content\\\/uploads\\\/2024\\\/08\\\/MicroSilver-Website-Image_EN_2.png\"},{\"@type\":\"BreadcrumbList\",\"@id\":\"https:\\\/\\\/products.greywolfah.com\\\/fr\\\/microsilver-shampoo\\\/#breadcrumb\",\"itemListElement\":[{\"@type\":\"ListItem\",\"position\":1,\"name\":\"Accueil\",\"item\":\"https:\\\/\\\/products.greywolfah.com\\\/fr\\\/\"},{\"@type\":\"ListItem\",\"position\":2,\"name\":\"MicroSilver+ Shampoo\"}]},{\"@type\":\"WebSite\",\"@id\":\"https:\\\/\\\/products.greywolfah.com\\\/fr\\\/#website\",\"url\":\"https:\\\/\\\/products.greywolfah.com\\\/fr\\\/\",\"name\":\"Grey Wolf for Veterinary Professionals\",\"description\":\"Be ready with our portfolio of solutions\",\"publisher\":{\"@id\":\"https:\\\/\\\/products.greywolfah.com\\\/fr\\\/#organization\"},\"potentialAction\":[{\"@type\":\"SearchAction\",\"target\":{\"@type\":\"EntryPoint\",\"urlTemplate\":\"https:\\\/\\\/products.greywolfah.com\\\/fr\\\/?s={search_term_string}\"},\"query-input\":{\"@type\":\"PropertyValueSpecification\",\"valueRequired\":true,\"valueName\":\"search_term_string\"}}],\"inLanguage\":\"fr-FR\"},{\"@type\":\"Organization\",\"@id\":\"https:\\\/\\\/products.greywolfah.com\\\/fr\\\/#organization\",\"name\":\"Grey Wolf\",\"url\":\"https:\\\/\\\/products.greywolfah.com\\\/fr\\\/\",\"logo\":{\"@type\":\"ImageObject\",\"inLanguage\":\"fr-FR\",\"@id\":\"https:\\\/\\\/products.greywolfah.com\\\/fr\\\/#\\\/schema\\\/logo\\\/image\\\/\",\"url\":\"https:\\\/\\\/products.greywolfah.com\\\/wp-content\\\/uploads\\\/2020\\\/12\\\/greywolf-logo.png\",\"contentUrl\":\"https:\\\/\\\/products.greywolfah.com\\\/wp-content\\\/uploads\\\/2020\\\/12\\\/greywolf-logo.png\",\"width\":240,\"height\":57,\"caption\":\"Grey Wolf\"},\"image\":{\"@id\":\"https:\\\/\\\/products.greywolfah.com\\\/fr\\\/#\\\/schema\\\/logo\\\/image\\\/\"}}]}<\/script>\n<!-- \/ Yoast SEO plugin. -->","yoast_head_json":{"title":"MicroSilver+ Shampoo","description":"Le SHAMPOOING MICROSILVER+ soutient les d\u00e9fenses naturelles de la peau et contribue \u00e0 maintenir une barri\u00e8re cutan\u00e9e saine qui assure une int\u00e9grit\u00e9 optimale de la peau.","robots":{"index":"index","follow":"follow","max-snippet":"max-snippet:-1","max-image-preview":"max-image-preview:large","max-video-preview":"max-video-preview:-1"},"canonical":"https:\/\/products.greywolfah.com\/fr\/microsilver-shampoo\/","og_locale":"fr_FR","og_type":"article","og_title":"MicroSilver+ Shampoo","og_description":"Le SHAMPOOING MICROSILVER+ soutient les d\u00e9fenses naturelles de la peau et contribue \u00e0 maintenir une barri\u00e8re cutan\u00e9e saine qui assure une int\u00e9grit\u00e9 optimale de la peau.","og_url":"https:\/\/products.greywolfah.com\/fr\/microsilver-shampoo\/","og_site_name":"Grey Wolf for Veterinary Professionals","article_modified_time":"2024-08-26T15:49:12+00:00","og_image":[{"url":"https:\/\/products.greywolfah.com\/wp-content\/uploads\/2024\/08\/MicroSilver-Website-Image_EN_2.png","type":"","width":"","height":""}],"twitter_card":"summary_large_image","twitter_misc":{"Dur\u00e9e de lecture estim\u00e9e":"1 minute"},"schema":{"@context":"https:\/\/schema.org","@graph":[{"@type":"WebPage","@id":"https:\/\/products.greywolfah.com\/fr\/microsilver-shampoo\/","url":"https:\/\/products.greywolfah.com\/fr\/microsilver-shampoo\/","name":"MicroSilver+ Shampoo","isPartOf":{"@id":"https:\/\/products.greywolfah.com\/fr\/#website"},"primaryImageOfPage":{"@id":"https:\/\/products.greywolfah.com\/fr\/microsilver-shampoo\/#primaryimage"},"image":{"@id":"https:\/\/products.greywolfah.com\/fr\/microsilver-shampoo\/#primaryimage"},"thumbnailUrl":"https:\/\/products.greywolfah.com\/wp-content\/uploads\/2024\/08\/MicroSilver-Website-Image_EN_2.png","datePublished":"2024-07-19T17:28:12+00:00","dateModified":"2024-08-26T15:49:12+00:00","description":"Le SHAMPOOING MICROSILVER+ soutient les d\u00e9fenses naturelles de la peau et contribue \u00e0 maintenir une barri\u00e8re cutan\u00e9e saine qui assure une int\u00e9grit\u00e9 optimale de la peau.","breadcrumb":{"@id":"https:\/\/products.greywolfah.com\/fr\/microsilver-shampoo\/#breadcrumb"},"inLanguage":"fr-FR","potentialAction":[{"@type":"ReadAction","target":["https:\/\/products.greywolfah.com\/fr\/microsilver-shampoo\/"]}]},{"@type":"ImageObject","inLanguage":"fr-FR","@id":"https:\/\/products.greywolfah.com\/fr\/microsilver-shampoo\/#primaryimage","url":"https:\/\/products.greywolfah.com\/wp-content\/uploads\/2024\/08\/MicroSilver-Website-Image_EN_2.png","contentUrl":"https:\/\/products.greywolfah.com\/wp-content\/uploads\/2024\/08\/MicroSilver-Website-Image_EN_2.png"},{"@type":"BreadcrumbList","@id":"https:\/\/products.greywolfah.com\/fr\/microsilver-shampoo\/#breadcrumb","itemListElement":[{"@type":"ListItem","position":1,"name":"Accueil","item":"https:\/\/products.greywolfah.com\/fr\/"},{"@type":"ListItem","position":2,"name":"MicroSilver+ Shampoo"}]},{"@type":"WebSite","@id":"https:\/\/products.greywolfah.com\/fr\/#website","url":"https:\/\/products.greywolfah.com\/fr\/","name":"Grey Wolf for Veterinary Professionals","description":"Be ready with our portfolio of solutions","publisher":{"@id":"https:\/\/products.greywolfah.com\/fr\/#organization"},"potentialAction":[{"@type":"SearchAction","target":{"@type":"EntryPoint","urlTemplate":"https:\/\/products.greywolfah.com\/fr\/?s={search_term_string}"},"query-input":{"@type":"PropertyValueSpecification","valueRequired":true,"valueName":"search_term_string"}}],"inLanguage":"fr-FR"},{"@type":"Organization","@id":"https:\/\/products.greywolfah.com\/fr\/#organization","name":"Grey Wolf","url":"https:\/\/products.greywolfah.com\/fr\/","logo":{"@type":"ImageObject","inLanguage":"fr-FR","@id":"https:\/\/products.greywolfah.com\/fr\/#\/schema\/logo\/image\/","url":"https:\/\/products.greywolfah.com\/wp-content\/uploads\/2020\/12\/greywolf-logo.png","contentUrl":"https:\/\/products.greywolfah.com\/wp-content\/uploads\/2020\/12\/greywolf-logo.png","width":240,"height":57,"caption":"Grey Wolf"},"image":{"@id":"https:\/\/products.greywolfah.com\/fr\/#\/schema\/logo\/image\/"}}]}},"_links":{"self":[{"href":"https:\/\/products.greywolfah.com\/fr\/wp-json\/wp\/v2\/pages\/21258","targetHints":{"allow":["GET"]}}],"collection":[{"href":"https:\/\/products.greywolfah.com\/fr\/wp-json\/wp\/v2\/pages"}],"about":[{"href":"https:\/\/products.greywolfah.com\/fr\/wp-json\/wp\/v2\/types\/page"}],"author":[{"embeddable":true,"href":"https:\/\/products.greywolfah.com\/fr\/wp-json\/wp\/v2\/users\/14"}],"replies":[{"embeddable":true,"href":"https:\/\/products.greywolfah.com\/fr\/wp-json\/wp\/v2\/comments?post=21258"}],"version-history":[{"count":61,"href":"https:\/\/products.greywolfah.com\/fr\/wp-json\/wp\/v2\/pages\/21258\/revisions"}],"predecessor-version":[{"id":21423,"href":"https:\/\/products.greywolfah.com\/fr\/wp-json\/wp\/v2\/pages\/21258\/revisions\/21423"}],"wp:attachment":[{"href":"https:\/\/products.greywolfah.com\/fr\/wp-json\/wp\/v2\/media?parent=21258"}],"curies":[{"name":"wp","href":"https:\/\/api.w.org\/{rel}","templated":true}]}}