{"id":18736,"date":"2022-01-07T16:02:26","date_gmt":"2022-01-07T16:02:26","guid":{"rendered":"https:\/\/products.greywolfah.com\/analgesics\/"},"modified":"2025-08-06T20:56:19","modified_gmt":"2025-08-06T20:56:19","slug":"analgesics","status":"publish","type":"page","link":"https:\/\/products.greywolfah.com\/fr\/analgesics\/","title":{"rendered":"Analg\u00e9siques"},"content":{"rendered":"\t\t<div data-elementor-type=\"wp-post\" data-elementor-id=\"18736\" class=\"elementor elementor-18736 elementor-12661\" data-elementor-post-type=\"page\">\n\t\t\t\t\t\t<section class=\"elementor-section elementor-top-section elementor-element elementor-element-1e35fe4 elementor-section-full_width elementor-section-height-default elementor-section-height-default\" data-id=\"1e35fe4\" data-element_type=\"section\" data-e-type=\"section\">\n\t\t\t\t\t\t<div class=\"elementor-container elementor-column-gap-default\">\n\t\t\t\t\t<div class=\"elementor-column elementor-col-100 elementor-top-column elementor-element elementor-element-e14b8e5\" data-id=\"e14b8e5\" data-element_type=\"column\" data-e-type=\"column\">\n\t\t\t<div class=\"elementor-widget-wrap elementor-element-populated\">\n\t\t\t\t\t\t<div class=\"elementor-element elementor-element-c689067 elementor-widget elementor-widget-breadcrumbs\" data-id=\"c689067\" data-element_type=\"widget\" data-e-type=\"widget\" data-widget_type=\"breadcrumbs.default\">\n\t\t\t\t<div class=\"elementor-widget-container\">\n\t\t\t\t\t<nav id=\"breadcrumbs\"><span><span><a href=\"https:\/\/products.greywolfah.com\/fr\/\">Accueil<\/a><\/span><\/span><\/nav>\t\t\t\t<\/div>\n\t\t\t\t<\/div>\n\t\t\t\t\t<\/div>\n\t\t<\/div>\n\t\t\t\t\t<\/div>\n\t\t<\/section>\n\t\t\t\t<section class=\"elementor-section elementor-top-section elementor-element elementor-element-bf70fbc elementor-section-items-top elementor-section-full_width elementor-section-height-min-height elementor-section-height-default\" data-id=\"bf70fbc\" data-element_type=\"section\" data-e-type=\"section\" data-settings=\"{&quot;background_background&quot;:&quot;classic&quot;}\">\n\t\t\t\t\t\t\t<div class=\"elementor-background-overlay\"><\/div>\n\t\t\t\t\t\t\t<div class=\"elementor-container elementor-column-gap-default\">\n\t\t\t\t\t<div class=\"elementor-column elementor-col-100 elementor-top-column elementor-element elementor-element-d528aec\" data-id=\"d528aec\" data-element_type=\"column\" data-e-type=\"column\" data-settings=\"{&quot;background_background&quot;:&quot;classic&quot;}\">\n\t\t\t<div class=\"elementor-widget-wrap elementor-element-populated\">\n\t\t\t\t\t\t<div class=\"elementor-element elementor-element-d100bfd elementor-widget elementor-widget-heading\" data-id=\"d100bfd\" data-element_type=\"widget\" data-e-type=\"widget\" data-widget_type=\"heading.default\">\n\t\t\t\t<div class=\"elementor-widget-container\">\n\t\t\t\t\t<h1 class=\"elementor-heading-title elementor-size-default\">SEDAJECT\u2122 &amp; ATAJECT\u2122<\/h1>\t\t\t\t<\/div>\n\t\t\t\t<\/div>\n\t\t\t\t<div class=\"elementor-element elementor-element-2bb0538 elementor-widget elementor-widget-heading\" data-id=\"2bb0538\" data-element_type=\"widget\" data-e-type=\"widget\" data-widget_type=\"heading.default\">\n\t\t\t\t<div class=\"elementor-widget-container\">\n\t\t\t\t\t<h2 class=\"elementor-heading-title elementor-size-default\">S\u00e9datif-analg\u00e9sique et agent d\u2019inversion pour animaux de compagnie<\/h2>\t\t\t\t<\/div>\n\t\t\t\t<\/div>\n\t\t\t\t\t<\/div>\n\t\t<\/div>\n\t\t\t\t\t<\/div>\n\t\t<\/section>\n\t\t\t\t<section class=\"elementor-section elementor-top-section elementor-element elementor-element-fe7f340 elementor-section-full_width elementor-section-stretched elementor-section-height-default elementor-section-height-default\" data-id=\"fe7f340\" data-element_type=\"section\" data-e-type=\"section\" data-settings=\"{&quot;background_background&quot;:&quot;classic&quot;,&quot;shape_divider_top&quot;:&quot;split&quot;,&quot;stretch_section&quot;:&quot;section-stretched&quot;}\">\n\t\t\t\t\t\t\t<div class=\"elementor-background-overlay\"><\/div>\n\t\t\t\t\t\t<div class=\"elementor-shape elementor-shape-top\" aria-hidden=\"true\" data-negative=\"false\">\n\t\t\t<svg xmlns=\"http:\/\/www.w3.org\/2000\/svg\" viewBox=\"0 0 1000 20\" preserveAspectRatio=\"none\">\n\t<path class=\"elementor-shape-fill\" d=\"M0,0v3c0,0,393.8,0,483.4,0c9.2,0,16.6,7.4,16.6,16.6c0-9.1,7.4-16.6,16.6-16.6C606.2,3,1000,3,1000,3V0H0z\"\/>\n<\/svg>\t\t<\/div>\n\t\t\t\t\t<div class=\"elementor-container elementor-column-gap-default\">\n\t\t\t\t\t<div class=\"elementor-column elementor-col-50 elementor-top-column elementor-element elementor-element-ebd0d7c\" data-id=\"ebd0d7c\" data-element_type=\"column\" data-e-type=\"column\" data-settings=\"{&quot;background_background&quot;:&quot;classic&quot;}\">\n\t\t\t<div class=\"elementor-widget-wrap elementor-element-populated\">\n\t\t\t\t\t\t<div class=\"elementor-element elementor-element-2e85be3 elementor-widget elementor-widget-text-editor\" data-id=\"2e85be3\" data-element_type=\"widget\" data-e-type=\"widget\" data-widget_type=\"text-editor.default\">\n\t\t\t\t<div class=\"elementor-widget-container\">\n\t\t\t\t\t\t\t\t\t<p><strong>SEDAJECT\u2122<\/strong> (Solution injectable de chlorhydrate de dexm\u00e9d\u00e9tomidine, 0,5 mg\/mL)<\/p>\t\t\t\t\t\t\t\t<\/div>\n\t\t\t\t<\/div>\n\t\t\t\t<div class=\"elementor-element elementor-element-24814ee elementor-widget elementor-widget-text-editor\" data-id=\"24814ee\" data-element_type=\"widget\" data-e-type=\"widget\" data-widget_type=\"text-editor.default\">\n\t\t\t\t<div class=\"elementor-widget-container\">\n\t\t\t\t\t\t\t\t\t<p><strong>ATAJECT\u2122<\/strong> (Solution injectable de chlorhydrate d\u2019atipam\u00e9zole, 5,0 mg\/mL)<\/p>\t\t\t\t\t\t\t\t<\/div>\n\t\t\t\t<\/div>\n\t\t\t\t<div class=\"elementor-element elementor-element-562e2a5 elementor-widget elementor-widget-text-editor\" data-id=\"562e2a5\" data-element_type=\"widget\" data-e-type=\"widget\" data-widget_type=\"text-editor.default\">\n\t\t\t\t<div class=\"elementor-widget-container\">\n\t\t\t\t\t\t\t\t\t<p>Professionnels de la sant\u00e9 veuillez vous reporter au feuillet de la fiche produit pour les d\u00e9tails complets, incluant les pr\u00e9cautions et les mises en garde.<\/p>\t\t\t\t\t\t\t\t<\/div>\n\t\t\t\t<\/div>\n\t\t\t\t<div class=\"elementor-element elementor-element-e056747 elementor-align-center elementor-widget elementor-widget-button\" data-id=\"e056747\" data-element_type=\"widget\" data-e-type=\"widget\" data-widget_type=\"button.default\">\n\t\t\t\t<div class=\"elementor-widget-container\">\n\t\t\t\t\t\t\t\t\t<div class=\"elementor-button-wrapper\">\n\t\t\t\t\t<a class=\"elementor-button elementor-button-link elementor-size-md\" href=\"https:\/\/drive.google.com\/file\/d\/1BSvzHcAQb7Zmau_6VbTNvUqXYFAnT7Ek\/view?usp=share_link\">\n\t\t\t\t\t\t<span class=\"elementor-button-content-wrapper\">\n\t\t\t\t\t\t\t\t\t<span class=\"elementor-button-text\">Telecharger la fiche produit de Sedaject<\/span>\n\t\t\t\t\t<\/span>\n\t\t\t\t\t<\/a>\n\t\t\t\t<\/div>\n\t\t\t\t\t\t\t\t<\/div>\n\t\t\t\t<\/div>\n\t\t\t\t<div class=\"elementor-element elementor-element-97fb93f elementor-align-center elementor-widget elementor-widget-button\" data-id=\"97fb93f\" data-element_type=\"widget\" data-e-type=\"widget\" data-widget_type=\"button.default\">\n\t\t\t\t<div class=\"elementor-widget-container\">\n\t\t\t\t\t\t\t\t\t<div class=\"elementor-button-wrapper\">\n\t\t\t\t\t<a class=\"elementor-button elementor-button-link elementor-size-md\" href=\"https:\/\/drive.google.com\/file\/d\/1g5sJKF3iuUaRl8mkMErwNazM9zisKKm6\/view?usp=share_link\">\n\t\t\t\t\t\t<span class=\"elementor-button-content-wrapper\">\n\t\t\t\t\t\t\t\t\t<span class=\"elementor-button-text\">Telecharger la fiche produit de Ataject<\/span>\n\t\t\t\t\t<\/span>\n\t\t\t\t\t<\/a>\n\t\t\t\t<\/div>\n\t\t\t\t\t\t\t\t<\/div>\n\t\t\t\t<\/div>\n\t\t\t\t<div class=\"elementor-element elementor-element-5ba7ae0 elementor-widget elementor-widget-text-editor\" data-id=\"5ba7ae0\" data-element_type=\"widget\" data-e-type=\"widget\" data-widget_type=\"text-editor.default\">\n\t\t\t\t<div class=\"elementor-widget-container\">\n\t\t\t\t\t\t\t\t\t<p>Sedaject\u2122 et Ataject\u2122 sont disponibles aupr\u00e8s de cliniques v\u00e9t\u00e9rinaires. Des informations produits et techniques d\u00e9taill\u00e9es pour les v\u00e9t\u00e9rinaires sont disponibles aupr\u00e8s d&#8217;un responsable des g\u00e9rants de territoire de Grey Wolf Animal Health.<\/p>\t\t\t\t\t\t\t\t<\/div>\n\t\t\t\t<\/div>\n\t\t\t\t\t<\/div>\n\t\t<\/div>\n\t\t\t\t<div class=\"elementor-column elementor-col-50 elementor-top-column elementor-element elementor-element-3a0504a\" data-id=\"3a0504a\" data-element_type=\"column\" data-e-type=\"column\" data-settings=\"{&quot;background_background&quot;:&quot;classic&quot;}\">\n\t\t\t<div class=\"elementor-widget-wrap elementor-element-populated\">\n\t\t\t\t\t\t<div class=\"elementor-element elementor-element-b097420 elementor-widget elementor-widget-image\" data-id=\"b097420\" data-element_type=\"widget\" data-e-type=\"widget\" data-widget_type=\"image.default\">\n\t\t\t\t<div class=\"elementor-widget-container\">\n\t\t\t\t\t\t\t\t\t\t\t\t\t\t\t<img fetchpriority=\"high\" decoding=\"async\" width=\"2138\" height=\"1975\" src=\"https:\/\/products.greywolfah.com\/wp-content\/uploads\/2022\/04\/Ataject_Sedaject-New-Group-Shot_31Mar22_EN.png\" class=\"attachment-full size-full wp-image-17698\" alt=\"Ataject_Sedaject injectables group shot\" srcset=\"https:\/\/products.greywolfah.com\/wp-content\/uploads\/2022\/04\/Ataject_Sedaject-New-Group-Shot_31Mar22_EN.png 2138w, https:\/\/products.greywolfah.com\/wp-content\/uploads\/2022\/04\/Ataject_Sedaject-New-Group-Shot_31Mar22_EN-300x277.png 300w, https:\/\/products.greywolfah.com\/wp-content\/uploads\/2022\/04\/Ataject_Sedaject-New-Group-Shot_31Mar22_EN-1024x946.png 1024w, https:\/\/products.greywolfah.com\/wp-content\/uploads\/2022\/04\/Ataject_Sedaject-New-Group-Shot_31Mar22_EN-768x709.png 768w, https:\/\/products.greywolfah.com\/wp-content\/uploads\/2022\/04\/Ataject_Sedaject-New-Group-Shot_31Mar22_EN-1536x1419.png 1536w, https:\/\/products.greywolfah.com\/wp-content\/uploads\/2022\/04\/Ataject_Sedaject-New-Group-Shot_31Mar22_EN-2048x1892.png 2048w\" sizes=\"(max-width: 2138px) 100vw, 2138px\" \/>\t\t\t\t\t\t\t\t\t\t\t\t\t\t\t<\/div>\n\t\t\t\t<\/div>\n\t\t\t\t\t<\/div>\n\t\t<\/div>\n\t\t\t\t\t<\/div>\n\t\t<\/section>\n\t\t\t\t<section class=\"elementor-section elementor-top-section elementor-element elementor-element-b5b5c14 elementor-section-boxed elementor-section-height-default elementor-section-height-default\" data-id=\"b5b5c14\" data-element_type=\"section\" data-e-type=\"section\">\n\t\t\t\t\t\t<div class=\"elementor-container elementor-column-gap-default\">\n\t\t\t\t\t<div class=\"elementor-column elementor-col-100 elementor-top-column elementor-element elementor-element-dc7dd4f\" data-id=\"dc7dd4f\" data-element_type=\"column\" data-e-type=\"column\">\n\t\t\t<div class=\"elementor-widget-wrap elementor-element-populated\">\n\t\t\t\t\t\t<div class=\"elementor-element elementor-element-c7e3489 elementor-align-center elementor-widget elementor-widget-button\" data-id=\"c7e3489\" data-element_type=\"widget\" data-e-type=\"widget\" data-widget_type=\"button.default\">\n\t\t\t\t<div class=\"elementor-widget-container\">\n\t\t\t\t\t\t\t\t\t<div class=\"elementor-button-wrapper\">\n\t\t\t\t\t<a class=\"elementor-button elementor-button-link elementor-size-md\" href=\"https:\/\/products.greywolfah.com\/fr\/request-a-call\/?product=Analgesics\">\n\t\t\t\t\t\t<span class=\"elementor-button-content-wrapper\">\n\t\t\t\t\t\t\t\t\t<span class=\"elementor-button-text\">POUR NOUS JOINDRE<\/span>\n\t\t\t\t\t<\/span>\n\t\t\t\t\t<\/a>\n\t\t\t\t<\/div>\n\t\t\t\t\t\t\t\t<\/div>\n\t\t\t\t<\/div>\n\t\t\t\t<div class=\"elementor-element elementor-element-1b79bfc elementor-widget elementor-widget-text-editor\" data-id=\"1b79bfc\" data-element_type=\"widget\" data-e-type=\"widget\" data-widget_type=\"text-editor.default\">\n\t\t\t\t<div class=\"elementor-widget-container\">\n\t\t\t\t\t\t\t\t\t<p>Grey Wolf Animal Health est fi\u00e8re d\u2019\u00eatre le distributeur de Vetpharma Animal Health S.L. au Canada.<\/p>\t\t\t\t\t\t\t\t<\/div>\n\t\t\t\t<\/div>\n\t\t\t\t<section class=\"elementor-section elementor-inner-section elementor-element elementor-element-adce72d elementor-section-boxed elementor-section-height-default elementor-section-height-default\" data-id=\"adce72d\" data-element_type=\"section\" data-e-type=\"section\">\n\t\t\t\t\t\t<div class=\"elementor-container elementor-column-gap-default\">\n\t\t\t\t\t<div class=\"elementor-column elementor-col-50 elementor-inner-column elementor-element elementor-element-26f77b2\" data-id=\"26f77b2\" data-element_type=\"column\" data-e-type=\"column\">\n\t\t\t<div class=\"elementor-widget-wrap elementor-element-populated\">\n\t\t\t\t\t\t<div class=\"elementor-element elementor-element-824e2fc elementor-widget elementor-widget-image\" data-id=\"824e2fc\" data-element_type=\"widget\" data-e-type=\"widget\" data-widget_type=\"image.default\">\n\t\t\t\t<div class=\"elementor-widget-container\">\n\t\t\t\t\t\t\t\t\t\t\t\t\t\t\t<img decoding=\"async\" width=\"240\" height=\"57\" src=\"https:\/\/products.greywolfah.com\/wp-content\/uploads\/2020\/12\/greywolf-logo.png\" class=\"attachment-large size-large wp-image-17497\" alt=\"greywolf-logo\" \/>\t\t\t\t\t\t\t\t\t\t\t\t\t\t\t<\/div>\n\t\t\t\t<\/div>\n\t\t\t\t\t<\/div>\n\t\t<\/div>\n\t\t\t\t<div class=\"elementor-column elementor-col-50 elementor-inner-column elementor-element elementor-element-2dc9492\" data-id=\"2dc9492\" data-element_type=\"column\" data-e-type=\"column\">\n\t\t\t<div class=\"elementor-widget-wrap elementor-element-populated\">\n\t\t\t\t\t\t<div class=\"elementor-element elementor-element-a460297 elementor-widget elementor-widget-image\" data-id=\"a460297\" data-element_type=\"widget\" data-e-type=\"widget\" data-widget_type=\"image.default\">\n\t\t\t\t<div class=\"elementor-widget-container\">\n\t\t\t\t\t\t\t\t\t\t\t\t\t\t\t\t<a href=\"https:\/\/vetpharma.com\/\">\n\t\t\t\t\t\t\t<img decoding=\"async\" width=\"232\" height=\"103\" src=\"https:\/\/products.greywolfah.com\/wp-content\/uploads\/2022\/01\/VetPharma-logo.png\" class=\"attachment-large size-large wp-image-17632\" alt=\"VetPharma logo\" \/>\t\t\t\t\t\t\t\t<\/a>\n\t\t\t\t\t\t\t\t\t\t\t\t\t\t\t<\/div>\n\t\t\t\t<\/div>\n\t\t\t\t\t<\/div>\n\t\t<\/div>\n\t\t\t\t\t<\/div>\n\t\t<\/section>\n\t\t\t\t\t<\/div>\n\t\t<\/div>\n\t\t\t\t\t<\/div>\n\t\t<\/section>\n\t\t\t\t<\/div>\n\t\t","protected":false},"excerpt":{"rendered":"<p>SEDAJECT\u2122 &amp; ATAJECT\u2122 S\u00e9datif-analg\u00e9sique et agent d\u2019inversion pour animaux de compagnie SEDAJECT\u2122 (Solution injectable de chlorhydrate de dexm\u00e9d\u00e9tomidine, 0,5 mg\/mL) ATAJECT\u2122 (Solution injectable de chlorhydrate d\u2019atipam\u00e9zole, 5,0 mg\/mL) Professionnels de la sant\u00e9 veuillez vous reporter au feuillet de la fiche produit pour les d\u00e9tails complets, incluant les pr\u00e9cautions et les mises en garde. Telecharger la [&hellip;]<\/p>\n","protected":false},"author":1,"featured_media":0,"parent":0,"menu_order":4,"comment_status":"closed","ping_status":"closed","template":"","meta":{"footnotes":""},"class_list":["post-18736","page","type-page","status-publish","hentry","entry"],"yoast_head":"<!-- This site is optimized with the Yoast SEO plugin v27.4 - https:\/\/yoast.com\/product\/yoast-seo-wordpress\/ -->\n<title>Analg\u00e9siques \u2013 Grey Wolf pour les v\u00e9t\u00e9rinaires professionnels<\/title>\n<meta name=\"description\" content=\"S\u00e9datif \u2013 analg\u00e9sique et agent d\u2019inversion pour animaux de compagnie\" \/>\n<meta name=\"robots\" content=\"index, follow, max-snippet:-1, max-image-preview:large, max-video-preview:-1\" \/>\n<link rel=\"canonical\" href=\"https:\/\/products.greywolfah.com\/fr\/analgesics\/\" \/>\n<meta property=\"og:locale\" content=\"fr_FR\" \/>\n<meta property=\"og:type\" content=\"article\" \/>\n<meta property=\"og:title\" content=\"Analg\u00e9siques \u2013 Grey Wolf pour les v\u00e9t\u00e9rinaires professionnels\" \/>\n<meta property=\"og:description\" content=\"S\u00e9datif \u2013 analg\u00e9sique et agent d\u2019inversion pour animaux de compagnie\" \/>\n<meta property=\"og:url\" content=\"https:\/\/products.greywolfah.com\/fr\/analgesics\/\" \/>\n<meta property=\"og:site_name\" content=\"Grey Wolf for Veterinary Professionals\" \/>\n<meta property=\"article:modified_time\" content=\"2025-08-06T20:56:19+00:00\" \/>\n<meta property=\"og:image\" content=\"https:\/\/products.greywolfah.com\/wp-content\/uploads\/2022\/04\/Ataject_Sedaject-New-Group-Shot_31Mar22_EN-1024x946.png\" \/>\n\t<meta property=\"og:image:width\" content=\"1024\" \/>\n\t<meta property=\"og:image:height\" content=\"946\" \/>\n\t<meta property=\"og:image:type\" content=\"image\/png\" \/>\n<meta name=\"twitter:card\" content=\"summary_large_image\" \/>\n<meta name=\"twitter:label1\" content=\"Dur\u00e9e de lecture estim\u00e9e\" \/>\n\t<meta name=\"twitter:data1\" content=\"2 minutes\" \/>\n<script type=\"application\/ld+json\" class=\"yoast-schema-graph\">{\"@context\":\"https:\\\/\\\/schema.org\",\"@graph\":[{\"@type\":\"WebPage\",\"@id\":\"https:\\\/\\\/products.greywolfah.com\\\/fr\\\/analgesics\\\/\",\"url\":\"https:\\\/\\\/products.greywolfah.com\\\/fr\\\/analgesics\\\/\",\"name\":\"Analg\u00e9siques \u2013 Grey Wolf pour les v\u00e9t\u00e9rinaires professionnels\",\"isPartOf\":{\"@id\":\"https:\\\/\\\/products.greywolfah.com\\\/fr\\\/#website\"},\"primaryImageOfPage\":{\"@id\":\"https:\\\/\\\/products.greywolfah.com\\\/fr\\\/analgesics\\\/#primaryimage\"},\"image\":{\"@id\":\"https:\\\/\\\/products.greywolfah.com\\\/fr\\\/analgesics\\\/#primaryimage\"},\"thumbnailUrl\":\"https:\\\/\\\/products.greywolfah.com\\\/wp-content\\\/uploads\\\/2022\\\/04\\\/Ataject_Sedaject-New-Group-Shot_31Mar22_EN.png\",\"datePublished\":\"2022-01-07T16:02:26+00:00\",\"dateModified\":\"2025-08-06T20:56:19+00:00\",\"description\":\"S\u00e9datif \u2013 analg\u00e9sique et agent d\u2019inversion pour animaux de compagnie\",\"breadcrumb\":{\"@id\":\"https:\\\/\\\/products.greywolfah.com\\\/fr\\\/analgesics\\\/#breadcrumb\"},\"inLanguage\":\"fr-FR\",\"potentialAction\":[{\"@type\":\"ReadAction\",\"target\":[\"https:\\\/\\\/products.greywolfah.com\\\/fr\\\/analgesics\\\/\"]}]},{\"@type\":\"ImageObject\",\"inLanguage\":\"fr-FR\",\"@id\":\"https:\\\/\\\/products.greywolfah.com\\\/fr\\\/analgesics\\\/#primaryimage\",\"url\":\"https:\\\/\\\/products.greywolfah.com\\\/wp-content\\\/uploads\\\/2022\\\/04\\\/Ataject_Sedaject-New-Group-Shot_31Mar22_EN.png\",\"contentUrl\":\"https:\\\/\\\/products.greywolfah.com\\\/wp-content\\\/uploads\\\/2022\\\/04\\\/Ataject_Sedaject-New-Group-Shot_31Mar22_EN.png\"},{\"@type\":\"BreadcrumbList\",\"@id\":\"https:\\\/\\\/products.greywolfah.com\\\/fr\\\/analgesics\\\/#breadcrumb\",\"itemListElement\":[{\"@type\":\"ListItem\",\"position\":1,\"name\":\"Accueil\",\"item\":\"https:\\\/\\\/products.greywolfah.com\\\/fr\\\/\"},{\"@type\":\"ListItem\",\"position\":2,\"name\":\"Analg\u00e9siques\"}]},{\"@type\":\"WebSite\",\"@id\":\"https:\\\/\\\/products.greywolfah.com\\\/fr\\\/#website\",\"url\":\"https:\\\/\\\/products.greywolfah.com\\\/fr\\\/\",\"name\":\"Grey Wolf for Veterinary Professionals\",\"description\":\"Be ready with our portfolio of solutions\",\"publisher\":{\"@id\":\"https:\\\/\\\/products.greywolfah.com\\\/fr\\\/#organization\"},\"potentialAction\":[{\"@type\":\"SearchAction\",\"target\":{\"@type\":\"EntryPoint\",\"urlTemplate\":\"https:\\\/\\\/products.greywolfah.com\\\/fr\\\/?s={search_term_string}\"},\"query-input\":{\"@type\":\"PropertyValueSpecification\",\"valueRequired\":true,\"valueName\":\"search_term_string\"}}],\"inLanguage\":\"fr-FR\"},{\"@type\":\"Organization\",\"@id\":\"https:\\\/\\\/products.greywolfah.com\\\/fr\\\/#organization\",\"name\":\"Grey Wolf\",\"url\":\"https:\\\/\\\/products.greywolfah.com\\\/fr\\\/\",\"logo\":{\"@type\":\"ImageObject\",\"inLanguage\":\"fr-FR\",\"@id\":\"https:\\\/\\\/products.greywolfah.com\\\/fr\\\/#\\\/schema\\\/logo\\\/image\\\/\",\"url\":\"https:\\\/\\\/products.greywolfah.com\\\/wp-content\\\/uploads\\\/2020\\\/12\\\/greywolf-logo.png\",\"contentUrl\":\"https:\\\/\\\/products.greywolfah.com\\\/wp-content\\\/uploads\\\/2020\\\/12\\\/greywolf-logo.png\",\"width\":240,\"height\":57,\"caption\":\"Grey Wolf\"},\"image\":{\"@id\":\"https:\\\/\\\/products.greywolfah.com\\\/fr\\\/#\\\/schema\\\/logo\\\/image\\\/\"}}]}<\/script>\n<!-- \/ Yoast SEO plugin. -->","yoast_head_json":{"title":"Analg\u00e9siques \u2013 Grey Wolf pour les v\u00e9t\u00e9rinaires professionnels","description":"S\u00e9datif \u2013 analg\u00e9sique et agent d\u2019inversion pour animaux de compagnie","robots":{"index":"index","follow":"follow","max-snippet":"max-snippet:-1","max-image-preview":"max-image-preview:large","max-video-preview":"max-video-preview:-1"},"canonical":"https:\/\/products.greywolfah.com\/fr\/analgesics\/","og_locale":"fr_FR","og_type":"article","og_title":"Analg\u00e9siques \u2013 Grey Wolf pour les v\u00e9t\u00e9rinaires professionnels","og_description":"S\u00e9datif \u2013 analg\u00e9sique et agent d\u2019inversion pour animaux de compagnie","og_url":"https:\/\/products.greywolfah.com\/fr\/analgesics\/","og_site_name":"Grey Wolf for Veterinary Professionals","article_modified_time":"2025-08-06T20:56:19+00:00","og_image":[{"width":1024,"height":946,"url":"https:\/\/products.greywolfah.com\/wp-content\/uploads\/2022\/04\/Ataject_Sedaject-New-Group-Shot_31Mar22_EN-1024x946.png","type":"image\/png"}],"twitter_card":"summary_large_image","twitter_misc":{"Dur\u00e9e de lecture estim\u00e9e":"2 minutes"},"schema":{"@context":"https:\/\/schema.org","@graph":[{"@type":"WebPage","@id":"https:\/\/products.greywolfah.com\/fr\/analgesics\/","url":"https:\/\/products.greywolfah.com\/fr\/analgesics\/","name":"Analg\u00e9siques \u2013 Grey Wolf pour les v\u00e9t\u00e9rinaires professionnels","isPartOf":{"@id":"https:\/\/products.greywolfah.com\/fr\/#website"},"primaryImageOfPage":{"@id":"https:\/\/products.greywolfah.com\/fr\/analgesics\/#primaryimage"},"image":{"@id":"https:\/\/products.greywolfah.com\/fr\/analgesics\/#primaryimage"},"thumbnailUrl":"https:\/\/products.greywolfah.com\/wp-content\/uploads\/2022\/04\/Ataject_Sedaject-New-Group-Shot_31Mar22_EN.png","datePublished":"2022-01-07T16:02:26+00:00","dateModified":"2025-08-06T20:56:19+00:00","description":"S\u00e9datif \u2013 analg\u00e9sique et agent d\u2019inversion pour animaux de compagnie","breadcrumb":{"@id":"https:\/\/products.greywolfah.com\/fr\/analgesics\/#breadcrumb"},"inLanguage":"fr-FR","potentialAction":[{"@type":"ReadAction","target":["https:\/\/products.greywolfah.com\/fr\/analgesics\/"]}]},{"@type":"ImageObject","inLanguage":"fr-FR","@id":"https:\/\/products.greywolfah.com\/fr\/analgesics\/#primaryimage","url":"https:\/\/products.greywolfah.com\/wp-content\/uploads\/2022\/04\/Ataject_Sedaject-New-Group-Shot_31Mar22_EN.png","contentUrl":"https:\/\/products.greywolfah.com\/wp-content\/uploads\/2022\/04\/Ataject_Sedaject-New-Group-Shot_31Mar22_EN.png"},{"@type":"BreadcrumbList","@id":"https:\/\/products.greywolfah.com\/fr\/analgesics\/#breadcrumb","itemListElement":[{"@type":"ListItem","position":1,"name":"Accueil","item":"https:\/\/products.greywolfah.com\/fr\/"},{"@type":"ListItem","position":2,"name":"Analg\u00e9siques"}]},{"@type":"WebSite","@id":"https:\/\/products.greywolfah.com\/fr\/#website","url":"https:\/\/products.greywolfah.com\/fr\/","name":"Grey Wolf for Veterinary Professionals","description":"Be ready with our portfolio of solutions","publisher":{"@id":"https:\/\/products.greywolfah.com\/fr\/#organization"},"potentialAction":[{"@type":"SearchAction","target":{"@type":"EntryPoint","urlTemplate":"https:\/\/products.greywolfah.com\/fr\/?s={search_term_string}"},"query-input":{"@type":"PropertyValueSpecification","valueRequired":true,"valueName":"search_term_string"}}],"inLanguage":"fr-FR"},{"@type":"Organization","@id":"https:\/\/products.greywolfah.com\/fr\/#organization","name":"Grey Wolf","url":"https:\/\/products.greywolfah.com\/fr\/","logo":{"@type":"ImageObject","inLanguage":"fr-FR","@id":"https:\/\/products.greywolfah.com\/fr\/#\/schema\/logo\/image\/","url":"https:\/\/products.greywolfah.com\/wp-content\/uploads\/2020\/12\/greywolf-logo.png","contentUrl":"https:\/\/products.greywolfah.com\/wp-content\/uploads\/2020\/12\/greywolf-logo.png","width":240,"height":57,"caption":"Grey Wolf"},"image":{"@id":"https:\/\/products.greywolfah.com\/fr\/#\/schema\/logo\/image\/"}}]}},"_links":{"self":[{"href":"https:\/\/products.greywolfah.com\/fr\/wp-json\/wp\/v2\/pages\/18736","targetHints":{"allow":["GET"]}}],"collection":[{"href":"https:\/\/products.greywolfah.com\/fr\/wp-json\/wp\/v2\/pages"}],"about":[{"href":"https:\/\/products.greywolfah.com\/fr\/wp-json\/wp\/v2\/types\/page"}],"author":[{"embeddable":true,"href":"https:\/\/products.greywolfah.com\/fr\/wp-json\/wp\/v2\/users\/1"}],"replies":[{"embeddable":true,"href":"https:\/\/products.greywolfah.com\/fr\/wp-json\/wp\/v2\/comments?post=18736"}],"version-history":[{"count":32,"href":"https:\/\/products.greywolfah.com\/fr\/wp-json\/wp\/v2\/pages\/18736\/revisions"}],"predecessor-version":[{"id":21997,"href":"https:\/\/products.greywolfah.com\/fr\/wp-json\/wp\/v2\/pages\/18736\/revisions\/21997"}],"wp:attachment":[{"href":"https:\/\/products.greywolfah.com\/fr\/wp-json\/wp\/v2\/media?parent=18736"}],"curies":[{"name":"wp","href":"https:\/\/api.w.org\/{rel}","templated":true}]}}